{"id":2184,"date":"2018-11-14T09:10:30","date_gmt":"2018-11-14T01:10:30","guid":{"rendered":"https:\/\/www.ghinox.com\/products\/surface\/"},"modified":"2026-03-09T14:14:49","modified_gmt":"2026-03-09T06:14:49","slug":"superficie","status":"publish","type":"page","link":"https:\/\/www.ghinox.com\/es\/productos\/superficie\/","title":{"rendered":"ACABADO SUPERFICIE DE ACERO INOXIDABLE"},"content":{"rendered":"\t\t<div data-elementor-type=\"wp-post\" data-elementor-id=\"2184\" class=\"elementor elementor-2184 elementor-503 elementor-bc-flex-widget\" data-elementor-post-type=\"page\">\n\t\t\t\t\t\t<section class=\"has_ae_slider elementor-section elementor-top-section elementor-element elementor-element-60b58e1 elementor-section-full_width elementor-section-content-middle elementor-section-height-default elementor-section-height-default ae-bg-gallery-type-default\" data-id=\"60b58e1\" data-element_type=\"section\" data-settings=\"{&quot;background_background&quot;:&quot;classic&quot;}\">\n\t\t\t\t\t\t\t<div class=\"elementor-background-overlay\"><\/div>\n\t\t\t\t\t\t\t<div class=\"elementor-container elementor-column-gap-no\">\n\t\t\t\t\t<div class=\"has_ae_slider elementor-column elementor-col-100 elementor-top-column elementor-element elementor-element-cfc30f6 ae-bg-gallery-type-default\" data-id=\"cfc30f6\" data-element_type=\"column\">\n\t\t\t<div class=\"elementor-widget-wrap elementor-element-populated\">\n\t\t\t\t\t\t<div class=\"elementor-element elementor-element-2274071 elementor-widget elementor-widget-spacer\" data-id=\"2274071\" data-element_type=\"widget\" data-widget_type=\"spacer.default\">\n\t\t\t\t\t\t\t<div class=\"elementor-spacer\">\n\t\t\t<div class=\"elementor-spacer-inner\"><\/div>\n\t\t<\/div>\n\t\t\t\t\t\t<\/div>\n\t\t\t\t<div class=\"elementor-element elementor-element-6cddb38 elementor-widget elementor-widget-spacer\" data-id=\"6cddb38\" data-element_type=\"widget\" data-widget_type=\"spacer.default\">\n\t\t\t\t\t\t\t<div class=\"elementor-spacer\">\n\t\t\t<div class=\"elementor-spacer-inner\"><\/div>\n\t\t<\/div>\n\t\t\t\t\t\t<\/div>\n\t\t\t\t<div class=\"elementor-element elementor-element-db52f07 elementor-widget elementor-widget-shortcode\" data-id=\"db52f07\" data-element_type=\"widget\" data-widget_type=\"shortcode.default\">\n\t\t\t\t\t\t\t<div class=\"elementor-shortcode\"><span class=\"oceanwp-breadcrumb gh-bread\"><nav role=\"navigation\" aria-label=\"Migas de pan\" class=\"site-breadcrumbs clr position-\"><ol class=\"trail-items\" ><meta name=\"numberOfItems\" content=\"1\" \/><meta name=\"itemListOrder\" content=\"Ascending\" \/><li class=\"trail-item trail-end\" ><span itemprop=\"name\"><a href=\"https:\/\/www.ghinox.com\/es\/\" rel=\"home\" aria-label=\"Inicio\"><i class=\" icon-home\" aria-hidden=\"true\" role=\"img\"><\/i><span class=\"breadcrumb-home has-icon\">Inicio<\/span><\/a><\/span><meta itemprop=\"position\" content=\"1\" \/><\/li><\/ol><\/nav><\/span>\n<\/div>\n\t\t\t\t\t\t<\/div>\n\t\t\t\t<div class=\"elementor-element elementor-element-d18216c elementor-widget elementor-widget-spacer\" data-id=\"d18216c\" data-element_type=\"widget\" data-widget_type=\"spacer.default\">\n\t\t\t\t\t\t\t<div class=\"elementor-spacer\">\n\t\t\t<div class=\"elementor-spacer-inner\"><\/div>\n\t\t<\/div>\n\t\t\t\t\t\t<\/div>\n\t\t\t\t\t<\/div>\n\t\t<\/div>\n\t\t\t\t\t<\/div>\n\t\t<\/section>\n\t\t\t\t<section class=\"has_ae_slider elementor-section elementor-top-section elementor-element elementor-element-ad8b44b elementor-section-boxed elementor-section-height-default elementor-section-height-default ae-bg-gallery-type-default\" data-id=\"ad8b44b\" data-element_type=\"section\" data-settings=\"{&quot;background_background&quot;:&quot;classic&quot;}\">\n\t\t\t\t\t\t\t<div class=\"elementor-background-overlay\"><\/div>\n\t\t\t\t\t\t\t<div class=\"elementor-container elementor-column-gap-no\">\n\t\t\t\t\t<div class=\"has_ae_slider elementor-column elementor-col-100 elementor-top-column elementor-element elementor-element-83b6af3 ae-bg-gallery-type-default\" data-id=\"83b6af3\" data-element_type=\"column\" data-settings=\"{&quot;background_background&quot;:&quot;classic&quot;}\">\n\t\t\t<div class=\"elementor-widget-wrap elementor-element-populated\">\n\t\t\t\t\t\t<div class=\"elementor-element elementor-element-77f7f4b elementor-widget elementor-widget-spacer\" data-id=\"77f7f4b\" data-element_type=\"widget\" data-widget_type=\"spacer.default\">\n\t\t\t\t\t\t\t<div class=\"elementor-spacer\">\n\t\t\t<div class=\"elementor-spacer-inner\"><\/div>\n\t\t<\/div>\n\t\t\t\t\t\t<\/div>\n\t\t\t\t<div class=\"elementor-element elementor-element-c253e86 ee-table--responsive ee-table-mobile-header--row elementor-widget elementor-widget-table\" data-id=\"c253e86\" data-element_type=\"widget\" data-settings=\"{&quot;mobile_headers_auto&quot;:&quot;yes&quot;}\" data-widget_type=\"table.default\">\n\t\t\t\t<div class=\"elementor-widget-container\">\n\t\t\t\t\t\t\t\n\t\t<table class=\"ee-table ee-table--even ee-table--rules\">\n\n\t\t\t\t\t\t<colgroup>\n\t\t\t\t\t\t\t\t<col span=\"1\" class=\"elementor-repeater-item-48373f8\">\n\t\t\t\t\t\t\t\t<col span=\"1\" class=\"elementor-repeater-item-47a5316\">\n\t\t\t\t\t\t\t\t<col span=\"1\" class=\"elementor-repeater-item-25fa7f0\">\n\t\t\t\t\t\t\t<\/colgroup>\n\t\t<thead>\n\t\t\t<tr class=\"ee-table__row\">\n\n\t\t\t<th class=\"ee-table__cell elementor-repeater-item-8ab0ddb\">\n\t\t\t\t\t<span class=\"ee-table__text\"><span class=\"ee-table__text__inner\"><\/span>\n\n\t\t\t\t\t\t\n\t\t\t\t\t<\/span>\n\t\t\t\t<\/th>\n\n\t\t\t<th class=\"ee-table__cell elementor-repeater-item-0e70046\">\n\t\t\t\t\t<span class=\"ee-table__text\"><span class=\"ee-table__text__inner\">TIPO DE SUPERFICIE DE ACERO INOXIDABLE<\/span>\n\n\t\t\t\t\t\t\n\t\t\t\t\t<\/span>\n\t\t\t\t<\/th>\n\n\t\t\t<th class=\"ee-table__cell elementor-repeater-item-98c20c5\">\n\t\t\t\t\t<span class=\"ee-table__text\"><span class=\"ee-table__text__inner\">CARACTER\u00cdSTICAS DE ACABADO DE SUPERFICIE<\/span>\n\n\t\t\t\t\t\t\n\t\t\t\t\t<\/span>\n\t\t\t\t<\/th>\n\n\t\t\t\t\t\t<\/tr>\n\t\t<\/thead><tbody><tr class=\"ee-table__row elementor-repeater-item-8154ee2\">\n\t\t<td class=\"ee-table__cell elementor-repeater-item-bb75b85\">\n\t\t\t<span class=\"ee-table__text\"><span class=\"ee-table__text__inner\"><img decoding=\"async\" src=\"https:\/\/www.ghinox.com\/wp-content\/uploads\/surface-item_NO.1.jpg\" alt=\"\" title=\"\"><\/img><\/span>\n\n\t\t\t<\/span>\n\t\t<\/td><td class=\"ee-table__cell elementor-repeater-item-a9d50f5\" data-title=\"TIPO DE SUPERFICIE DE ACERO INOXIDABLE\">\n\t\t\t<span class=\"ee-table__text\"><span class=\"ee-table__text__inner\">NO.1 <\/span>\n\n\t\t\t<\/span>\n\t\t<\/td><td class=\"ee-table__cell elementor-repeater-item-a228ed9\" data-title=\"CARACTER\u00cdSTICAS DE ACABADO DE SUPERFICIE\">\n\t\t\t<span class=\"ee-table__text\"><span class=\"ee-table__text__inner\">Tambi\u00e9n conocida como el acabado del molino, la superficie sometida a tratamiento t\u00e9rmico y decapado despu\u00e9s del laminado en caliente es adecuada para la resistencia al calor industrial y la resistencia a la corrosi\u00f3n, pero la superficie es menos importante, como los materiales laminados en fr\u00edo, los tanques industriales y los equipos qu\u00edmicos industriales.<\/span>\n\n\t\t\t<\/span>\n\t\t<\/td><\/tr><tr class=\"ee-table__row elementor-repeater-item-8718136\">\n\n\t\t<td class=\"ee-table__cell elementor-repeater-item-287c707\">\n\t\t\t<span class=\"ee-table__text\"><span class=\"ee-table__text__inner\"><img decoding=\"async\" src=\"https:\/\/www.ghinox.com\/wp-content\/uploads\/surface-item_2B.jpg\" alt=\"\" title=\"\"><\/img><\/span>\n\n\t\t\t<\/span>\n\t\t<\/td><td class=\"ee-table__cell elementor-repeater-item-3329059\" data-title=\"TIPO DE SUPERFICIE DE ACERO INOXIDABLE\">\n\t\t\t<span class=\"ee-table__text\"><span class=\"ee-table__text__inner\">2B<\/span>\n\n\t\t\t<\/span>\n\t\t<\/td><td class=\"ee-table__cell elementor-repeater-item-b557ed6\" data-title=\"CARACTER\u00cdSTICAS DE ACABADO DE SUPERFICIE\">\n\t\t\t<span class=\"ee-table__text\"><span class=\"ee-table__text__inner\">Despu\u00e9s del laminado en fr\u00edo, se trata con calor y se conserva en vinagre, se procesa para hacer que la superficie quede blanca brillante. Despu\u00e9s del tratamiento de la superficie hasta el acabado 2B, el producto puede ser muy extenso y se usa com\u00fanmente en equipos m\u00e9dicos y en la industria alimentaria.<\/span>\n\n\t\t\t<\/span>\n\t\t<\/td><\/tr><tr class=\"ee-table__row elementor-repeater-item-01e0637\">\n\n\t\t<td class=\"ee-table__cell elementor-repeater-item-d6318b4\">\n\t\t\t<span class=\"ee-table__text\"><span class=\"ee-table__text__inner\"><img decoding=\"async\" src=\"https:\/\/www.ghinox.com\/wp-content\/uploads\/surface-item_BA.jpg\" alt=\"\" title=\"\"><\/img><\/span>\n\n\t\t\t<\/span>\n\t\t<\/td><td class=\"ee-table__cell elementor-repeater-item-97c48b5\" data-title=\"TIPO DE SUPERFICIE DE ACERO INOXIDABLE\">\n\t\t\t<span class=\"ee-table__text\"><span class=\"ee-table__text__inner\">2R(BA) Brillante<\/span>\n\n\t\t\t<\/span>\n\t\t<\/td><td class=\"ee-table__cell elementor-repeater-item-dd4d4ba\" data-title=\"CARACTER\u00cdSTICAS DE ACABADO DE SUPERFICIE\">\n\t\t\t<span class=\"ee-table__text\"><span class=\"ee-table__text__inner\">Procesado recocido brillantemente despu\u00e9s del laminado en fr\u00edo. El acabado de la superficie es excelente y tiene una alta reflectividad, como una superficie espejada. Adecuado para electrodom\u00e9sticos, espejos, materiales decorativos, etc.<\/span>\n\n\t\t\t<\/span>\n\t\t<\/td><\/tr><tr class=\"ee-table__row elementor-repeater-item-6e573cd\">\n\n\t\t<td class=\"ee-table__cell elementor-repeater-item-08bc687\">\n\t\t\t<span class=\"ee-table__text\"><span class=\"ee-table__text__inner\"><img decoding=\"async\" src=\"https:\/\/www.ghinox.com\/wp-content\/uploads\/surface-item_NO.3.jpg\" alt=\"\" title=\"\"><\/img><\/span>\n\n\t\t\t<\/span>\n\t\t<\/td><td class=\"ee-table__cell elementor-repeater-item-f28cb9a\" data-title=\"TIPO DE SUPERFICIE DE ACERO INOXIDABLE\">\n\t\t\t<span class=\"ee-table__text\"><span class=\"ee-table__text__inner\">NO.3<\/span>\n\n\t\t\t<\/span>\n\t\t<\/td><td class=\"ee-table__cell elementor-repeater-item-f05b778\" data-title=\"CARACTER\u00cdSTICAS DE ACABADO DE SUPERFICIE\">\n\t\t\t<span class=\"ee-table__text\"><span class=\"ee-table__text__inner\">La superficie de procesamiento de arena rugosa, el producto termin\u00f3 con 2B y la cinta de molienda de tama\u00f1o 100-120. Con mejor brillo y rayas gruesas discontinuas, es adecuado para la decoraci\u00f3n interior y exterior y para productos el\u00e9ctricos.<\/span>\n\n\t\t\t<\/span>\n\t\t<\/td><\/tr><tr class=\"ee-table__row elementor-repeater-item-a23e20d\">\n\n\t\t<td class=\"ee-table__cell elementor-repeater-item-c04bbdf\">\n\t\t\t<span class=\"ee-table__text\"><span class=\"ee-table__text__inner\"><img decoding=\"async\" src=\"https:\/\/www.ghinox.com\/wp-content\/uploads\/surface-item_NO.4.jpg\" alt=\"\" title=\"\"><\/img><\/span>\n\n\t\t\t<\/span>\n\t\t<\/td><td class=\"ee-table__cell elementor-repeater-item-eeaf8bf\" data-title=\"TIPO DE SUPERFICIE DE ACERO INOXIDABLE\">\n\t\t\t<span class=\"ee-table__text\"><span class=\"ee-table__text__inner\">NO.4<\/span>\n\n\t\t\t<\/span>\n\t\t<\/td><td class=\"ee-table__cell elementor-repeater-item-ff654a9\" data-title=\"CARACTER\u00cdSTICAS DE ACABADO DE SUPERFICIE\">\n\t\t\t<span class=\"ee-table__text\"><span class=\"ee-table__text__inner\">Superficie de procesamiento de arena fina, procesa desde 2B y luego termina con una cuadr\u00edcula de 150-180. Tiene mejor brillo y rayas gruesas discontinuas que NO.3. Adecuado para ba\u00f1os, decoraci\u00f3n interior y exterior, productos el\u00e9ctricos, cocinas y equipos alimentarios.<\/span>\n\n\t\t\t<\/span>\n\t\t<\/td><\/tr><tr class=\"ee-table__row elementor-repeater-item-fcf49a4\">\n\n\t\t<td class=\"ee-table__cell elementor-repeater-item-2a891b5\">\n\t\t\t<span class=\"ee-table__text\"><span class=\"ee-table__text__inner\"><img decoding=\"async\" src=\"https:\/\/www.ghinox.com\/wp-content\/uploads\/surface-item_HL.jpg\" alt=\"\" title=\"\"><\/img><\/span>\n\n\t\t\t<\/span>\n\t\t<\/td><td class=\"ee-table__cell elementor-repeater-item-0c87fac\" data-title=\"TIPO DE SUPERFICIE DE ACERO INOXIDABLE\">\n\t\t\t<span class=\"ee-table__text\"><span class=\"ee-table__text__inner\">HL<\/span>\n\n\t\t\t<\/span>\n\t\t<\/td><td class=\"ee-table__cell elementor-repeater-item-ad9a874\" data-title=\"CARACTER\u00cdSTICAS DE ACABADO DE SUPERFICIE\">\n\t\t\t<span class=\"ee-table__text\"><span class=\"ee-table__text__inner\">Com\u00fanmente conocido como rayita, procesamiento superficial del tablero, con el tama\u00f1o apropiado del material abrasivo, lo que resulta en un procesamiento continuo de bandas. Tiene una buena textura y el rasgu\u00f1o no es obvio, duradero y resistente al desgaste. Generalmente se utiliza en decoraci\u00f3n arquitect\u00f3nica, ascensores, escaleras mec\u00e1nicas, fachadas, marcos de ventanas, etc.<\/span>\n\n\t\t\t<\/span>\n\t\t<\/td><\/tr><tr class=\"ee-table__row elementor-repeater-item-49b0dc1\">\n\n\t\t<td class=\"ee-table__cell elementor-repeater-item-6415164\">\n\t\t\t<span class=\"ee-table__text\"><span class=\"ee-table__text__inner\"><img decoding=\"async\" src=\"https:\/\/www.ghinox.com\/wp-content\/uploads\/surface-item_SB.jpg\" alt=\"\" title=\"\"><\/img><\/span>\n\n\t\t\t<\/span>\n\t\t<\/td><td class=\"ee-table__cell elementor-repeater-item-e392b36\" data-title=\"TIPO DE SUPERFICIE DE ACERO INOXIDABLE\">\n\t\t\t<span class=\"ee-table__text\"><span class=\"ee-table__text__inner\">SB<\/span>\n\n\t\t\t<\/span>\n\t\t<\/td><td class=\"ee-table__cell elementor-repeater-item-064a9a1\" data-title=\"CARACTER\u00cdSTICAS DE ACABADO DE SUPERFICIE\">\n\t\t\t<span class=\"ee-table__text\"><span class=\"ee-table__text__inner\">Productos de molienda con un tama\u00f1o adecuado de 150-180 abrasivos Scotch-Brite.<\/span>\n\n\t\t\t<\/span>\n\t\t<\/td><\/tr>\n\t\t\t<\/tbody>\n\t\t<\/table>\n\n\t\t\t\t\t\t<\/div>\n\t\t\t\t<\/div>\n\t\t\t\t<div class=\"elementor-element elementor-element-652275a elementor-widget elementor-widget-spacer\" data-id=\"652275a\" data-element_type=\"widget\" data-widget_type=\"spacer.default\">\n\t\t\t\t\t\t\t<div class=\"elementor-spacer\">\n\t\t\t<div class=\"elementor-spacer-inner\"><\/div>\n\t\t<\/div>\n\t\t\t\t\t\t<\/div>\n\t\t\t\t\t<\/div>\n\t\t<\/div>\n\t\t\t\t\t<\/div>\n\t\t<\/section>\n\t\t\t\t<\/div>\n\t\t","protected":false},"excerpt":{"rendered":"<p>TIPO DE SUPERFICIE DE ACERO INOXIDABLE CARACTER\u00cdSTICAS DE ACABADO DE SUPERFICIE NO.1 Tambi\u00e9n conocida como el acabado del molino, la superficie sometida a tratamiento t\u00e9rmico y decapado despu\u00e9s del laminado en caliente es adecuada para la resistencia al calor industrial y la resistencia a la corrosi\u00f3n, pero la superficie es menos importante, como los materiales [&hellip;]<\/p>\n","protected":false},"author":1,"featured_media":0,"parent":2177,"menu_order":0,"comment_status":"closed","ping_status":"closed","template":"elementor_header_footer","meta":{"_acf_changed":false,"ocean_post_layout":"","ocean_both_sidebars_style":"","ocean_both_sidebars_content_width":0,"ocean_both_sidebars_sidebars_width":0,"ocean_sidebar":"0","ocean_second_sidebar":"0","ocean_disable_margins":"enable","ocean_add_body_class":"","ocean_shortcode_before_top_bar":"","ocean_shortcode_after_top_bar":"","ocean_shortcode_before_header":"","ocean_shortcode_after_header":"","ocean_has_shortcode":"","ocean_shortcode_after_title":"","ocean_shortcode_before_footer_widgets":"","ocean_shortcode_after_footer_widgets":"","ocean_shortcode_before_footer_bottom":"","ocean_shortcode_after_footer_bottom":"","ocean_display_top_bar":"default","ocean_display_header":"default","ocean_header_style":"","ocean_center_header_left_menu":"0","ocean_custom_header_template":"0","ocean_custom_logo":0,"ocean_custom_retina_logo":0,"ocean_custom_logo_max_width":0,"ocean_custom_logo_tablet_max_width":0,"ocean_custom_logo_mobile_max_width":0,"ocean_custom_logo_max_height":0,"ocean_custom_logo_tablet_max_height":0,"ocean_custom_logo_mobile_max_height":0,"ocean_header_custom_menu":"0","ocean_menu_typo_font_family":"0","ocean_menu_typo_font_subset":"","ocean_menu_typo_font_size":0,"ocean_menu_typo_font_size_tablet":0,"ocean_menu_typo_font_size_mobile":0,"ocean_menu_typo_font_size_unit":"px","ocean_menu_typo_font_weight":"","ocean_menu_typo_font_weight_tablet":"","ocean_menu_typo_font_weight_mobile":"","ocean_menu_typo_transform":"","ocean_menu_typo_transform_tablet":"","ocean_menu_typo_transform_mobile":"","ocean_menu_typo_line_height":0,"ocean_menu_typo_line_height_tablet":0,"ocean_menu_typo_line_height_mobile":0,"ocean_menu_typo_line_height_unit":"","ocean_menu_typo_spacing":0,"ocean_menu_typo_spacing_tablet":0,"ocean_menu_typo_spacing_mobile":0,"ocean_menu_typo_spacing_unit":"","ocean_menu_link_color":"","ocean_menu_link_color_hover":"","ocean_menu_link_color_active":"","ocean_menu_link_background":"","ocean_menu_link_hover_background":"","ocean_menu_link_active_background":"","ocean_menu_social_links_bg":"","ocean_menu_social_hover_links_bg":"","ocean_menu_social_links_color":"","ocean_menu_social_hover_links_color":"","ocean_disable_title":"default","ocean_disable_heading":"default","ocean_post_title":"","ocean_post_subheading":"","ocean_post_title_style":"","ocean_post_title_background_color":"","ocean_post_title_background":0,"ocean_post_title_bg_image_position":"","ocean_post_title_bg_image_attachment":"","ocean_post_title_bg_image_repeat":"","ocean_post_title_bg_image_size":"","ocean_post_title_height":0,"ocean_post_title_bg_overlay":0.5,"ocean_post_title_bg_overlay_color":"","ocean_disable_breadcrumbs":"default","ocean_breadcrumbs_color":"","ocean_breadcrumbs_separator_color":"","ocean_breadcrumbs_links_color":"","ocean_breadcrumbs_links_hover_color":"","ocean_display_footer_widgets":"default","ocean_display_footer_bottom":"default","ocean_custom_footer_template":"0","footnotes":""},"class_list":["post-2184","page","type-page","status-publish","hentry","entry"],"acf":[],"_links":{"self":[{"href":"https:\/\/www.ghinox.com\/es\/wp-json\/wp\/v2\/pages\/2184","targetHints":{"allow":["GET"]}}],"collection":[{"href":"https:\/\/www.ghinox.com\/es\/wp-json\/wp\/v2\/pages"}],"about":[{"href":"https:\/\/www.ghinox.com\/es\/wp-json\/wp\/v2\/types\/page"}],"author":[{"embeddable":true,"href":"https:\/\/www.ghinox.com\/es\/wp-json\/wp\/v2\/users\/1"}],"replies":[{"embeddable":true,"href":"https:\/\/www.ghinox.com\/es\/wp-json\/wp\/v2\/comments?post=2184"}],"version-history":[{"count":0,"href":"https:\/\/www.ghinox.com\/es\/wp-json\/wp\/v2\/pages\/2184\/revisions"}],"up":[{"embeddable":true,"href":"https:\/\/www.ghinox.com\/es\/wp-json\/wp\/v2\/pages\/2177"}],"wp:attachment":[{"href":"https:\/\/www.ghinox.com\/es\/wp-json\/wp\/v2\/media?parent=2184"}],"curies":[{"name":"wp","href":"https:\/\/api.w.org\/{rel}","templated":true}]}}