{"id":7996,"date":"2024-06-14T16:58:26","date_gmt":"2024-06-14T08:58:26","guid":{"rendered":"https:\/\/www.ghinox.com\/productos\/steel-grades\/sus304\/"},"modified":"2024-07-05T17:02:06","modified_gmt":"2024-07-05T09:02:06","slug":"en-1-4301-gennhann-stainless-steel","status":"publish","type":"page","link":"https:\/\/www.ghinox.com\/es\/productos\/steel-grades\/en-1-4301-gennhann-stainless-steel\/","title":{"rendered":"EN1.4301"},"content":{"rendered":"\t\t<div data-elementor-type=\"wp-page\" data-elementor-id=\"7996\" class=\"elementor elementor-7996 elementor-7738\" data-elementor-post-type=\"page\">\n\t\t\t\t\t\t<section class=\"has_ae_slider elementor-section elementor-top-section elementor-element elementor-element-fa092bc elementor-section-full_width elementor-section-content-middle elementor-section-height-default elementor-section-height-default ae-bg-gallery-type-default\" data-id=\"fa092bc\" data-element_type=\"section\" data-settings=\"{&quot;background_background&quot;:&quot;classic&quot;}\">\n\t\t\t\t\t\t\t<div class=\"elementor-background-overlay\"><\/div>\n\t\t\t\t\t\t\t<div class=\"elementor-container elementor-column-gap-no\">\n\t\t\t\t\t<div class=\"has_ae_slider elementor-column elementor-col-100 elementor-top-column elementor-element elementor-element-da8429a ae-bg-gallery-type-default\" data-id=\"da8429a\" data-element_type=\"column\">\n\t\t\t<div class=\"elementor-widget-wrap elementor-element-populated\">\n\t\t\t\t\t\t<div class=\"elementor-element elementor-element-4ee552d elementor-widget elementor-widget-spacer\" data-id=\"4ee552d\" data-element_type=\"widget\" data-widget_type=\"spacer.default\">\n\t\t\t\t\t\t\t<div class=\"elementor-spacer\">\n\t\t\t<div class=\"elementor-spacer-inner\"><\/div>\n\t\t<\/div>\n\t\t\t\t\t\t<\/div>\n\t\t\t\t<div class=\"elementor-element elementor-element-da53081 elementor-widget elementor-widget-spacer\" data-id=\"da53081\" data-element_type=\"widget\" data-widget_type=\"spacer.default\">\n\t\t\t\t\t\t\t<div class=\"elementor-spacer\">\n\t\t\t<div class=\"elementor-spacer-inner\"><\/div>\n\t\t<\/div>\n\t\t\t\t\t\t<\/div>\n\t\t\t\t<div class=\"elementor-element elementor-element-4e07c81 elementor-widget elementor-widget-shortcode\" data-id=\"4e07c81\" data-element_type=\"widget\" data-widget_type=\"shortcode.default\">\n\t\t\t\t\t\t\t<div class=\"elementor-shortcode\"><span class=\"oceanwp-breadcrumb gh-bread\"><nav role=\"navigation\" aria-label=\"Migas de pan\" class=\"site-breadcrumbs clr position-\"><ol class=\"trail-items\" ><meta name=\"numberOfItems\" content=\"1\" \/><meta name=\"itemListOrder\" content=\"Ascending\" \/><li class=\"trail-item trail-end\" ><span itemprop=\"name\"><a href=\"https:\/\/www.ghinox.com\/es\/\" rel=\"home\" aria-label=\"Inicio\"><i class=\" icon-home\" aria-hidden=\"true\" role=\"img\"><\/i><span class=\"breadcrumb-home has-icon\">Inicio<\/span><\/a><\/span><meta itemprop=\"position\" content=\"1\" \/><\/li><\/ol><\/nav><\/span>\n<\/div>\n\t\t\t\t\t\t<\/div>\n\t\t\t\t<div class=\"elementor-element elementor-element-4e6eedb elementor-widget elementor-widget-spacer\" data-id=\"4e6eedb\" data-element_type=\"widget\" data-widget_type=\"spacer.default\">\n\t\t\t\t\t\t\t<div class=\"elementor-spacer\">\n\t\t\t<div class=\"elementor-spacer-inner\"><\/div>\n\t\t<\/div>\n\t\t\t\t\t\t<\/div>\n\t\t\t\t\t<\/div>\n\t\t<\/div>\n\t\t\t\t\t<\/div>\n\t\t<\/section>\n\t\t<div class=\"has_ae_slider elementor-element elementor-element-d6a0f6c e-flex e-con-boxed ae-bg-gallery-type-default e-con e-parent\" data-id=\"d6a0f6c\" data-element_type=\"container\">\n\t\t\t\t\t<div class=\"e-con-inner\">\n\t\t<div class=\"has_ae_slider elementor-element elementor-element-89bcaaa e-con-full e-flex ae-bg-gallery-type-default e-con e-child\" data-id=\"89bcaaa\" data-element_type=\"container\">\n\t\t\t\t<div class=\"elementor-element elementor-element-10fb157 elementor-widget elementor-widget-text-editor\" data-id=\"10fb157\" data-element_type=\"widget\" data-widget_type=\"text-editor.default\">\n\t\t\t\t\t\t\t\t\t<h2>Acero inoxidable EN1.4301<\/h2>\n<p>EN1.4301 es un material de acero inoxidable muy utilizado, perteneciente a la familia de los aceros inoxidables austen\u00edticos. Es conocido por su excelente resistencia a la corrosi\u00f3n, propiedades mec\u00e1nicas superiores y versatilidad. A menudo se hace referencia al EN1.4301 como acero inoxidable 18-8 debido a su composici\u00f3n principalmente de 18% de cromo (Cr) y 8% de n\u00edquel (Ni). Este acero inoxidable ocupa una posici\u00f3n crucial en diversas aplicaciones, incluidas la construcci\u00f3n, el procesamiento de alimentos, las industrias qu\u00edmicas y muchas otras.<\/p>\n<h2>Caracter\u00edsticas del material de EN1.4301<\/h2>\n<p>EN1.4301 posee varias caracter\u00edsticas de material \u00fanicas: Excelente resistencia a la corrosi\u00f3n: una de las caracter\u00edsticas principales de SUS 304 es su excelente resistencia a la corrosi\u00f3n. Funciona bien contra los medios corrosivos m\u00e1s comunes, incluidos agua, \u00e1cidos y \u00e1lcalis. Excelente maquinabilidad: este acero inoxidable es f\u00e1cil de cortar, formar y soldar, lo que lo convierte en una opci\u00f3n ideal para muchos procesos de mecanizado. Resistencia a altas temperaturas: SUS 304 mantiene la estabilidad a altas temperaturas, lo que lo hace adecuado para aplicaciones de alta temperatura como intercambiadores de calor y piezas de quemadores. Bajo magnetismo: es casi no magn\u00e9tico a temperatura ambiente, lo cual es crucial para ciertas aplicaciones como electr\u00f3nica y equipos m\u00e9dicos.<\/p>\n<h2>Propiedades qu\u00edmicas del EN1.4301<\/h2>\n<p>La composici\u00f3n qu\u00edmica de EN1.4301 incluye: Cromo (Cr): Aproximadamente 18%, impartiendo resistencia a la corrosi\u00f3n, especialmente contra la oxidaci\u00f3n y la corrosi\u00f3n \u00e1cida. N\u00edquel (Ni): Aproximadamente 8%, lo que contribuye a mejorar la resistencia a la corrosi\u00f3n y mantener la estabilidad estructural. Carbono (C): bajo contenido de carbono, normalmente inferior al 0,08 %, para mejorar la maquinabilidad y reducir el riesgo de precipitaci\u00f3n de carburo durante la soldadura. Hierro (Fe): El elemento base que proporciona estabilidad estructural.&nbsp;<\/p>\n<p><strong>3EN 1.4301 Composici\u00f3n qu\u00edmica (%)<\/strong><\/p>\n<p>\n<table id=\"tablepress-15\" class=\"tablepress tablepress-id-15\">\n<thead>\n<tr class=\"row-1\">\n\t<th class=\"column-1\">ITEM<\/th><th class=\"column-2\">C<\/th><th class=\"column-3\">SI<\/th><th class=\"column-4\">MIN<\/th><th class=\"column-5\">P<\/th><th class=\"column-6\">S<\/th><th class=\"column-7\">CR<\/th><th class=\"column-8\">NI<\/th><th class=\"column-9\">N<\/th><th class=\"column-10\">OTHERS<\/th>\n<\/tr>\n<\/thead>\n<tbody class=\"row-striping row-hover\">\n<tr class=\"row-2\">\n\t<td class=\"column-1\">Min<\/td><td class=\"column-2\"> ===<\/td><td class=\"column-3\"> === <\/td><td class=\"column-4\"> ===<\/td><td class=\"column-5\"> ===<\/td><td class=\"column-6\"> === <\/td><td class=\"column-7\">17.50<\/td><td class=\"column-8\">8.00<\/td><td class=\"column-9\"> ===<\/td><td class=\"column-10\"> ===<\/td>\n<\/tr>\n<tr class=\"row-3\">\n\t<td class=\"column-1\">Max<\/td><td class=\"column-2\">0.03<\/td><td class=\"column-3\">0.75<\/td><td class=\"column-4\">2.00<\/td><td class=\"column-5\">0.45<\/td><td class=\"column-6\">0.030<\/td><td class=\"column-7\">19.50<\/td><td class=\"column-8\">12.00<\/td><td class=\"column-9\"> ===<\/td><td class=\"column-10\"> ===<\/td>\n<\/tr>\n<\/tbody>\n<\/table>\n<\/p>\n<h2>Las propiedades mec\u00e1nicas de EN1.4301<\/h2>\n<p>EN1.4301 posee propiedades mec\u00e1nicas superiores, lo que lo hace adecuado para diversas aplicaciones: Resistencia a la tracci\u00f3n: normalmente alrededor de 520-600 MPa, lo que proporciona suficiente resistencia para cumplir con los requisitos de los componentes estructurales y de soporte de carga. L\u00edmite el\u00e1stico: Aproximadamente 205-240 MPa, lo que indica su capacidad para soportar tensiones sin deformaci\u00f3n permanente. Alargamiento: normalmente superior al 40%, lo que indica su excelente ductilidad.<\/p>\n<p><strong>EN 1.4301 Propiedades mec\u00e1nicas<\/strong><\/p>\n<p>\n<table id=\"tablepress-14\" class=\"tablepress tablepress-id-14\">\n<thead>\n<tr class=\"row-1\">\n\t<td class=\"column-1\"><\/td><td class=\"column-2\"><\/td><th class=\"column-3\">MIN<\/th><th class=\"column-4\">MAX<\/th>\n<\/tr>\n<\/thead>\n<tbody class=\"row-striping row-hover\">\n<tr class=\"row-2\">\n\t<td class=\"column-1\">Yield Strength (N\/mm2)<\/td><td class=\"column-2\">0.20% Y.S.<\/td><td class=\"column-3\">205<\/td><td class=\"column-4\">N\/mm2<\/td>\n<\/tr>\n<tr class=\"row-3\">\n\t<td class=\"column-1\"><\/td><td class=\"column-2\">1% Y.S.<\/td><td class=\"column-3\"> ===<\/td><td class=\"column-4\"><\/td>\n<\/tr>\n<tr class=\"row-4\">\n\t<td class=\"column-1\">Tensile Strength (N\/mm2)<\/td><td class=\"column-2\"><\/td><td class=\"column-3\">520<\/td><td class=\"column-4\">N\/mm2<\/td>\n<\/tr>\n<tr class=\"row-5\">\n\t<td class=\"column-1\">Elongation %<\/td><td class=\"column-2\"><\/td><td class=\"column-3\">40<\/td><td class=\"column-4\"> ===<\/td>\n<\/tr>\n<tr class=\"row-6\">\n\t<td class=\"column-1\">Hardness Test<\/td><td class=\"column-2\">HRB<\/td><td class=\"column-3\"> ===<\/td><td class=\"column-4\">90<\/td>\n<\/tr>\n<tr class=\"row-7\">\n\t<td class=\"column-1\"><\/td><td class=\"column-2\">HV<\/td><td class=\"column-3\"> ===<\/td><td class=\"column-4\">200<\/td>\n<\/tr>\n<\/tbody>\n<\/table>\n<\/p>\n<h2>Las propiedades f\u00edsicas de EN1.4301<\/h2>\n<p>Las propiedades f\u00edsicas de EN1.4301 contribuyen a sus aplicaciones generalizadas: Densidad: Aproximadamente 7,93 gramos por cent\u00edmetro c\u00fabico, lo que proporciona un equilibrio entre resistencia y peso. Conductividad t\u00e9rmica: Aproximadamente 16,3 W\/m\u00b7K, lo que facilita la transferencia de calor tanto en aplicaciones de alta como de baja temperatura. Conductividad el\u00e9ctrica: Conductividad el\u00e9ctrica moderada, lo que la hace adecuada para componentes y equipos el\u00e9ctricos.<\/p>\n<h2>Resistencia a la corrosi\u00f3n de EN1.4301<\/h2>\n<p>SUS 304 exhibe una excelente resistencia a la corrosi\u00f3n en diversos ambientes, incluyendo: Agua y ambientes h\u00famedos: Excelente resistencia a la corrosi\u00f3n en agua y ambientes h\u00famedos, por lo que se usa com\u00fanmente en construcci\u00f3n, equipos de cocina y sistemas de tratamiento de agua. Ambientes qu\u00edmicos: Excelente resistencia a los qu\u00edmicos, lo que lo hace adecuado para tanques, tuber\u00edas y equipos qu\u00edmicos. Procesamiento de alimentos: Se utiliza en equipos de procesamiento de alimentos ya que no afecta la calidad ni el sabor de los alimentos. Industria farmac\u00e9utica: Empleado en equipos farmac\u00e9uticos y aparatos de laboratorio por sus propiedades no contaminantes.<\/p>\n<h2>Aplicaciones de EN1.4301<\/h2>\n<p>El acero inoxidable EN.1401 encuentra aplicaciones generalizadas en diversas industrias, entre ellas: Construcci\u00f3n y edificaci\u00f3n: se utiliza en estructuras arquitect\u00f3nicas, decoraciones exteriores y materiales para techos. Industria de alimentos y bebidas: se encuentra com\u00fanmente en equipos de procesamiento de alimentos, utensilios de cocina y contenedores de almacenamiento de alimentos. Industria qu\u00edmica: Utilizado en tanques, tuber\u00edas, v\u00e1lvulas y equipos qu\u00edmicos.<\/p>\t\t\t\t\t\t\t\t<\/div>\n\t\t<div class=\"has_ae_slider elementor-element elementor-element-e7f9b4a e-grid e-con-boxed ae-bg-gallery-type-default e-con e-child\" data-id=\"e7f9b4a\" data-element_type=\"container\">\n\t\t\t\t\t<div class=\"e-con-inner\">\n\t\t\t\t<div class=\"elementor-element elementor-element-423691d elementor-widget elementor-widget-image\" data-id=\"423691d\" data-element_type=\"widget\" data-widget_type=\"image.default\">\n\t\t\t\t\t\t\t\t\t\t\t\t\t\t\t<img fetchpriority=\"high\" decoding=\"async\" width=\"450\" height=\"598\" src=\"https:\/\/www.ghinox.com\/wp-content\/uploads\/\u622a\u5716-2024-06-17-10.53.30.png\" class=\"attachment-large size-large wp-image-7791\" alt=\"304 \u4e0d\u92b9\u92fc\" title=\"\">\t\t\t\t\t\t\t\t\t\t\t\t\t\t\t<\/div>\n\t\t\t\t<div class=\"elementor-element elementor-element-5f151c8 elementor-widget elementor-widget-image\" data-id=\"5f151c8\" data-element_type=\"widget\" data-widget_type=\"image.default\">\n\t\t\t\t\t\t\t\t\t\t\t\t\t\t\t<img decoding=\"async\" width=\"464\" height=\"620\" src=\"https:\/\/www.ghinox.com\/wp-content\/uploads\/\u622a\u5716-2024-06-17-10.53.39.png\" class=\"attachment-large size-large wp-image-7787\" alt=\"\u98df\u54c1\u7d1a \u4e0d\u93fd\u92fc\" title=\"\">\t\t\t\t\t\t\t\t\t\t\t\t\t\t\t<\/div>\n\t\t\t\t<div class=\"elementor-element elementor-element-c34a32e elementor-widget elementor-widget-image\" data-id=\"c34a32e\" data-element_type=\"widget\" data-widget_type=\"image.default\">\n\t\t\t\t\t\t\t\t\t\t\t\t\t\t\t<img decoding=\"async\" width=\"396\" height=\"616\" src=\"https:\/\/www.ghinox.com\/wp-content\/uploads\/\u622a\u5716-2024-06-17-10.53.46.png\" class=\"attachment-large size-large wp-image-7783\" alt=\"\u98df\u54c1\u7d1a \u4e0d\u93fd\u92fc\" title=\"\">\t\t\t\t\t\t\t\t\t\t\t\t\t\t\t<\/div>\n\t\t\t\t\t<\/div>\n\t\t\t\t<\/div>\n\t\t\t\t<div class=\"elementor-element elementor-element-6c9408c elementor-widget elementor-widget-text-editor\" data-id=\"6c9408c\" data-element_type=\"widget\" data-widget_type=\"text-editor.default\">\n\t\t\t\t\t\t\t\t\t<p><strong><strong>Equipo m\u00e9dico: Se utiliza frecuentemente en dispositivos m\u00e9dicos, instrumentos quir\u00fargicos y equipos de laboratorio. Sector automovil\u00edstico: Ampliamente utilizado en sistemas de escape de autom\u00f3viles, ejes de transmisi\u00f3n, pernos y tuercas. Protecci\u00f3n energ\u00e9tica y ambiental: Aplicado en equipos energ\u00e9ticos, paneles solares e instalaciones de tratamiento de aguas residuales.<\/strong><\/strong><\/p><p><strong>En conclusi\u00f3n, el acero inoxidable EN1.4301 es un material vers\u00e1til valorado por su resistencia a la corrosi\u00f3n, propiedades mec\u00e1nicas y versatilidad. Ya sea en la construcci\u00f3n, el procesamiento de alimentos, las industrias qu\u00edmicas o los campos m\u00e9dicos, desempe\u00f1a un papel indispensable y sirve como componente esencial de la ingenier\u00eda y la fabricaci\u00f3n modernas.<\/strong><\/p>\t\t\t\t\t\t\t\t<\/div>\n\t\t\t\t<\/div>\n\t\t\t\t\t<\/div>\n\t\t\t\t<\/div>\n\t\t\t\t<\/div>\n\t\t","protected":false},"excerpt":{"rendered":"<p>Acero inoxidable EN1.4301 EN1.4301 es un material de acero inoxidable muy utilizado, perteneciente a la familia de los aceros inoxidables austen\u00edticos. Es conocido por su excelente resistencia a la corrosi\u00f3n, propiedades mec\u00e1nicas superiores y versatilidad. A menudo se hace referencia al EN1.4301 como acero inoxidable 18-8 debido a su composici\u00f3n principalmente de 18% de cromo [&hellip;]<\/p>\n","protected":false},"author":1,"featured_media":0,"parent":2190,"menu_order":0,"comment_status":"closed","ping_status":"closed","template":"elementor_header_footer","meta":{"_acf_changed":false,"ocean_post_layout":"","ocean_both_sidebars_style":"","ocean_both_sidebars_content_width":0,"ocean_both_sidebars_sidebars_width":0,"ocean_sidebar":"0","ocean_second_sidebar":"0","ocean_disable_margins":"enable","ocean_add_body_class":"","ocean_shortcode_before_top_bar":"","ocean_shortcode_after_top_bar":"","ocean_shortcode_before_header":"","ocean_shortcode_after_header":"","ocean_has_shortcode":"","ocean_shortcode_after_title":"","ocean_shortcode_before_footer_widgets":"","ocean_shortcode_after_footer_widgets":"","ocean_shortcode_before_footer_bottom":"","ocean_shortcode_after_footer_bottom":"","ocean_display_top_bar":"default","ocean_display_header":"default","ocean_header_style":"","ocean_center_header_left_menu":"0","ocean_custom_header_template":"0","ocean_custom_logo":0,"ocean_custom_retina_logo":0,"ocean_custom_logo_max_width":0,"ocean_custom_logo_tablet_max_width":0,"ocean_custom_logo_mobile_max_width":0,"ocean_custom_logo_max_height":0,"ocean_custom_logo_tablet_max_height":0,"ocean_custom_logo_mobile_max_height":0,"ocean_header_custom_menu":"0","ocean_menu_typo_font_family":"0","ocean_menu_typo_font_subset":"","ocean_menu_typo_font_size":0,"ocean_menu_typo_font_size_tablet":0,"ocean_menu_typo_font_size_mobile":0,"ocean_menu_typo_font_size_unit":"px","ocean_menu_typo_font_weight":"","ocean_menu_typo_font_weight_tablet":"","ocean_menu_typo_font_weight_mobile":"","ocean_menu_typo_transform":"","ocean_menu_typo_transform_tablet":"","ocean_menu_typo_transform_mobile":"","ocean_menu_typo_line_height":0,"ocean_menu_typo_line_height_tablet":0,"ocean_menu_typo_line_height_mobile":0,"ocean_menu_typo_line_height_unit":"","ocean_menu_typo_spacing":0,"ocean_menu_typo_spacing_tablet":0,"ocean_menu_typo_spacing_mobile":0,"ocean_menu_typo_spacing_unit":"","ocean_menu_link_color":"","ocean_menu_link_color_hover":"","ocean_menu_link_color_active":"","ocean_menu_link_background":"","ocean_menu_link_hover_background":"","ocean_menu_link_active_background":"","ocean_menu_social_links_bg":"","ocean_menu_social_hover_links_bg":"","ocean_menu_social_links_color":"","ocean_menu_social_hover_links_color":"","ocean_disable_title":"default","ocean_disable_heading":"default","ocean_post_title":"","ocean_post_subheading":"","ocean_post_title_style":"","ocean_post_title_background_color":"","ocean_post_title_background":0,"ocean_post_title_bg_image_position":"","ocean_post_title_bg_image_attachment":"","ocean_post_title_bg_image_repeat":"","ocean_post_title_bg_image_size":"","ocean_post_title_height":0,"ocean_post_title_bg_overlay":0.5,"ocean_post_title_bg_overlay_color":"","ocean_disable_breadcrumbs":"default","ocean_breadcrumbs_color":"","ocean_breadcrumbs_separator_color":"","ocean_breadcrumbs_links_color":"","ocean_breadcrumbs_links_hover_color":"","ocean_display_footer_widgets":"default","ocean_display_footer_bottom":"default","ocean_custom_footer_template":"0","footnotes":""},"class_list":["post-7996","page","type-page","status-publish","hentry","entry"],"acf":[],"_links":{"self":[{"href":"https:\/\/www.ghinox.com\/es\/wp-json\/wp\/v2\/pages\/7996","targetHints":{"allow":["GET"]}}],"collection":[{"href":"https:\/\/www.ghinox.com\/es\/wp-json\/wp\/v2\/pages"}],"about":[{"href":"https:\/\/www.ghinox.com\/es\/wp-json\/wp\/v2\/types\/page"}],"author":[{"embeddable":true,"href":"https:\/\/www.ghinox.com\/es\/wp-json\/wp\/v2\/users\/1"}],"replies":[{"embeddable":true,"href":"https:\/\/www.ghinox.com\/es\/wp-json\/wp\/v2\/comments?post=7996"}],"version-history":[{"count":0,"href":"https:\/\/www.ghinox.com\/es\/wp-json\/wp\/v2\/pages\/7996\/revisions"}],"up":[{"embeddable":true,"href":"https:\/\/www.ghinox.com\/es\/wp-json\/wp\/v2\/pages\/2190"}],"wp:attachment":[{"href":"https:\/\/www.ghinox.com\/es\/wp-json\/wp\/v2\/media?parent=7996"}],"curies":[{"name":"wp","href":"https:\/\/api.w.org\/{rel}","templated":true}]}}