{"id":8027,"date":"2024-06-17T12:44:42","date_gmt":"2024-06-17T04:44:42","guid":{"rendered":"https:\/\/www.ghinox.com\/productos\/steel-grades\/sus304l\/"},"modified":"2026-03-09T12:25:02","modified_gmt":"2026-03-09T04:25:02","slug":"en-1-4307","status":"publish","type":"page","link":"https:\/\/www.ghinox.com\/es\/productos\/steel-grades\/en-1-4307\/","title":{"rendered":"EN 1.4307"},"content":{"rendered":"\t\t<div data-elementor-type=\"wp-page\" data-elementor-id=\"8027\" class=\"elementor elementor-8027 elementor-7802\" data-elementor-post-type=\"page\">\n\t\t\t\t\t\t<section class=\"has_ae_slider elementor-section elementor-top-section elementor-element elementor-element-fa092bc elementor-section-full_width elementor-section-content-middle elementor-section-height-default elementor-section-height-default ae-bg-gallery-type-default\" data-id=\"fa092bc\" data-element_type=\"section\" data-settings=\"{&quot;background_background&quot;:&quot;classic&quot;}\">\n\t\t\t\t\t\t\t<div class=\"elementor-background-overlay\"><\/div>\n\t\t\t\t\t\t\t<div class=\"elementor-container elementor-column-gap-no\">\n\t\t\t\t\t<div class=\"has_ae_slider elementor-column elementor-col-100 elementor-top-column elementor-element elementor-element-da8429a ae-bg-gallery-type-default\" data-id=\"da8429a\" data-element_type=\"column\">\n\t\t\t<div class=\"elementor-widget-wrap elementor-element-populated\">\n\t\t\t\t\t\t<div class=\"elementor-element elementor-element-4ee552d elementor-widget elementor-widget-spacer\" data-id=\"4ee552d\" data-element_type=\"widget\" data-widget_type=\"spacer.default\">\n\t\t\t\t\t\t\t<div class=\"elementor-spacer\">\n\t\t\t<div class=\"elementor-spacer-inner\"><\/div>\n\t\t<\/div>\n\t\t\t\t\t\t<\/div>\n\t\t\t\t<div class=\"elementor-element elementor-element-da53081 elementor-widget elementor-widget-spacer\" data-id=\"da53081\" data-element_type=\"widget\" data-widget_type=\"spacer.default\">\n\t\t\t\t\t\t\t<div class=\"elementor-spacer\">\n\t\t\t<div class=\"elementor-spacer-inner\"><\/div>\n\t\t<\/div>\n\t\t\t\t\t\t<\/div>\n\t\t\t\t<div class=\"elementor-element elementor-element-4e07c81 elementor-widget elementor-widget-shortcode\" data-id=\"4e07c81\" data-element_type=\"widget\" data-widget_type=\"shortcode.default\">\n\t\t\t\t\t\t\t<div class=\"elementor-shortcode\"><span class=\"oceanwp-breadcrumb gh-bread\"><nav role=\"navigation\" aria-label=\"Migas de pan\" class=\"site-breadcrumbs clr position-\"><ol class=\"trail-items\" ><meta name=\"numberOfItems\" content=\"1\" \/><meta name=\"itemListOrder\" content=\"Ascending\" \/><li class=\"trail-item trail-end\" ><span itemprop=\"name\"><a href=\"https:\/\/www.ghinox.com\/es\/\" rel=\"home\" aria-label=\"Inicio\"><i class=\" icon-home\" aria-hidden=\"true\" role=\"img\"><\/i><span class=\"breadcrumb-home has-icon\">Inicio<\/span><\/a><\/span><meta itemprop=\"position\" content=\"1\" \/><\/li><\/ol><\/nav><\/span>\n<\/div>\n\t\t\t\t\t\t<\/div>\n\t\t\t\t<div class=\"elementor-element elementor-element-4e6eedb elementor-widget elementor-widget-spacer\" data-id=\"4e6eedb\" data-element_type=\"widget\" data-widget_type=\"spacer.default\">\n\t\t\t\t\t\t\t<div class=\"elementor-spacer\">\n\t\t\t<div class=\"elementor-spacer-inner\"><\/div>\n\t\t<\/div>\n\t\t\t\t\t\t<\/div>\n\t\t\t\t\t<\/div>\n\t\t<\/div>\n\t\t\t\t\t<\/div>\n\t\t<\/section>\n\t\t<div class=\"has_ae_slider elementor-element elementor-element-d6a0f6c e-flex e-con-boxed ae-bg-gallery-type-default e-con e-parent\" data-id=\"d6a0f6c\" data-element_type=\"container\">\n\t\t\t\t\t<div class=\"e-con-inner\">\n\t\t<div class=\"has_ae_slider elementor-element elementor-element-89bcaaa e-con-full e-flex ae-bg-gallery-type-default e-con e-child\" data-id=\"89bcaaa\" data-element_type=\"container\">\n\t\t\t\t<div class=\"elementor-element elementor-element-10fb157 elementor-widget elementor-widget-text-editor\" data-id=\"10fb157\" data-element_type=\"widget\" data-widget_type=\"text-editor.default\">\n\t\t\t\t\t\t\t\t\t<h2>Acero inoxidable EN1.4307<\/h2>\nEN1.4307, una versi\u00f3n baja en carbono del acero inoxidable EN1.4301 tiene una amplia gama de aplicaciones y un rendimiento excelente. Est\u00e1 compuesto principalmente por un 18% de cromo (Cr) y un 8% de n\u00edquel (Ni) y reduce el contenido de carbono (C), lo que lo hace m\u00e1s adecuado para determinados escenarios de aplicaci\u00f3n espec\u00edficos. EN1.4307 ha recibido amplia atenci\u00f3n por su excelente resistencia a la corrosi\u00f3n, propiedades mec\u00e1nicas y diversos campos de aplicaci\u00f3n.\n\n<h2>Propiedades del material EN1.4307<\/h2>\nEN1.4307, es un acero inoxidable austen\u00edtico de alta calidad con excelentes propiedades mec\u00e1nicas y resistencia a la corrosi\u00f3n. En comparaci\u00f3n con SUS 304, su bajo contenido de carbono hace que sea menos probable que produzca carburos durante la soldadura a alta temperatura y el procesamiento de bordes romos. Esto hace que SUS 304L sea m\u00e1s adecuado en algunos entornos especiales.\n\n<h2>Propiedades qu\u00edmicas de EN1.4307<\/h2>\nLa composici\u00f3n qu\u00edmica de EN1.4307, es la piedra angular de su excelente desempe\u00f1o. Un 18% de cromo le confiere resistencia a la oxidaci\u00f3n y la corrosi\u00f3n, y un 8% de n\u00edquel le confiere resistencia a medios \u00e1cidos y alcalinos. El bajo contenido de carbono garantiza que los carburos no se produzcan f\u00e1cilmente a altas temperaturas y mejora la resistencia a la corrosi\u00f3n. Adem\u00e1s, otros elementos como el silicio (Si), el manganeso (Mn) y el f\u00f3sforo (P) tambi\u00e9n desempe\u00f1an un papel en el ajuste de las propiedades del material.\n\n<strong>Composici\u00f3n qu\u00edmica de EN1.4307 (%)<\/strong>\n\n\n<table id=\"tablepress-3\" class=\"tablepress tablepress-id-3\">\n<thead>\n<tr class=\"row-1\">\n\t<th class=\"column-1\">ITEM<\/th><th class=\"column-2\">C<\/th><th class=\"column-3\">SI<\/th><th class=\"column-4\">MIN<\/th><th class=\"column-5\">P<\/th><th class=\"column-6\">S<\/th><th class=\"column-7\">CR<\/th><th class=\"column-8\">NI<\/th><th class=\"column-9\">N<\/th><th class=\"column-10\">OTHERS<\/th>\n<\/tr>\n<\/thead>\n<tbody class=\"row-striping row-hover\">\n<tr class=\"row-2\">\n\t<td class=\"column-1\">Min<\/td><td class=\"column-2\"> ===<\/td><td class=\"column-3\"> === <\/td><td class=\"column-4\"> ===<\/td><td class=\"column-5\"> ===<\/td><td class=\"column-6\"> === <\/td><td class=\"column-7\">17.50<\/td><td class=\"column-8\">8.00<\/td><td class=\"column-9\"> ===<\/td><td class=\"column-10\"> ===<\/td>\n<\/tr>\n<tr class=\"row-3\">\n\t<td class=\"column-1\">Max<\/td><td class=\"column-2\">0.03<\/td><td class=\"column-3\">0.75<\/td><td class=\"column-4\">2.00<\/td><td class=\"column-5\">0.45<\/td><td class=\"column-6\">0.030<\/td><td class=\"column-7\">19.50<\/td><td class=\"column-8\">12.00<\/td><td class=\"column-9\"> ===<\/td><td class=\"column-10\"> ===<\/td>\n<\/tr>\n<\/tbody>\n<\/table>\n\n<h2>Propiedades mec\u00e1nicas de EN1.4307<\/h2>\nEN1.4307 es conocido por sus excelentes propiedades mec\u00e1nicas. A temperatura ambiente, tiene una resistencia a la tracci\u00f3n de aproximadamente 485 MPa y un l\u00edmite el\u00e1stico de aproximadamente 170 MPa, lo que le permite soportar cargas y tensiones en estructuras y piezas. El bajo contenido de carbono garantiza su estabilidad durante la soldadura a alta temperatura, lo que le permite funcionar de manera excelente en diversos entornos.\n\n<strong>Propiedades mec\u00e1nicas del EN1.4307<\/strong>\n\n\n<table id=\"tablepress-16\" class=\"tablepress tablepress-id-16\">\n<thead>\n<tr class=\"row-1\">\n\t<td class=\"column-1\"><\/td><td class=\"column-2\"><\/td><th class=\"column-3\">MIN<\/th><th class=\"column-4\">MAX<\/th>\n<\/tr>\n<\/thead>\n<tbody class=\"row-striping row-hover\">\n<tr class=\"row-2\">\n\t<td class=\"column-1\">Yield Strength (N\/mm2)<\/td><td class=\"column-2\">0.20% Y.S.<\/td><td class=\"column-3\">205<\/td><td class=\"column-4\">N\/mm2<\/td>\n<\/tr>\n<tr class=\"row-3\">\n\t<td class=\"column-1\"><\/td><td class=\"column-2\">1% Y.S.<\/td><td class=\"column-3\"> ===<\/td><td class=\"column-4\"><\/td>\n<\/tr>\n<tr class=\"row-4\">\n\t<td class=\"column-1\">Tensile Strength (N\/mm2)<\/td><td class=\"column-2\"><\/td><td class=\"column-3\">520<\/td><td class=\"column-4\">N\/mm2<\/td>\n<\/tr>\n<tr class=\"row-5\">\n\t<td class=\"column-1\">Elongation %<\/td><td class=\"column-2\"><\/td><td class=\"column-3\">40<\/td><td class=\"column-4\"> ===<\/td>\n<\/tr>\n<tr class=\"row-6\">\n\t<td class=\"column-1\">Hardness Test<\/td><td class=\"column-2\">HRB<\/td><td class=\"column-3\"> ===<\/td><td class=\"column-4\">90<\/td>\n<\/tr>\n<tr class=\"row-7\">\n\t<td class=\"column-1\"><\/td><td class=\"column-2\">HV<\/td><td class=\"column-3\"> ===<\/td><td class=\"column-4\">200<\/td>\n<\/tr>\n<\/tbody>\n<\/table>\n\n<h2>Propiedades f\u00edsicas de EN1.4307<\/h2>\nLas propiedades f\u00edsicas de EN1.4307 lo hacen ampliamente utilizado en muchos campos. Su densidad es de aproximadamente 7,9 gramos\/cent\u00edmetro c\u00fabico, lo que contribuye al aligeramiento del dise\u00f1o estructural. Adem\u00e1s, el coeficiente de expansi\u00f3n t\u00e9rmica de SUS 304L es relativamente estable, lo que ayuda a reducir los problemas que pueden ocurrir bajo cambios de temperatura. Su conductividad t\u00e9rmica y el\u00e9ctrica superiores tambi\u00e9n lo hacen ampliamente utilizado en intercambio de calor, equipos electr\u00f3nicos y otros campos.\n\n<h2>Resistencia a la corrosi\u00f3n EN1.4307<\/h2>\nLa resistencia a la corrosi\u00f3n de EN1.4307 es una de sus mayores caracter\u00edsticas. La presencia de cromo y n\u00edquel le confiere una excelente resistencia a \u00e1cidos oxidantes, medios alcalinos y algunos productos qu\u00edmicos. Adem\u00e1s, el bajo contenido de carbono hace que sea menos probable que se produzcan carburos durante la soldadura, lo que mejora su estabilidad en ambientes corrosivos. Esto hace que SUS 304L se utilice ampliamente en campos con altos requisitos corrosivos, como la industria qu\u00edmica y el procesamiento de alimentos.\n\n<h2>Aplicaci\u00f3n del producto EN1.4307<\/h2>\nLa amplia aplicaci\u00f3n del acero inoxidable EN1.4307 lo convierte en uno de los materiales preferidos en muchos campos. En las industrias de procesamiento de alimentos y restauraci\u00f3n, se utiliza para fabricar utensilios de cocina, recipientes y equipos de acero inoxidable para garantizar la calidad e higiene de los alimentos. En la industria qu\u00edmica, SUS 304L se usa ampliamente en la fabricaci\u00f3n de contenedores, tuber\u00edas e instrumentos para tratar medios corrosivos. En entornos de alta temperatura, se utiliza en intercambiadores de calor, sistemas de escape de autom\u00f3viles, etc. Adem\u00e1s, EN1.4307 tambi\u00e9n se utiliza en campos de alta demanda, como la fabricaci\u00f3n de piezas finas de precisi\u00f3n, recipientes de alta presi\u00f3n y componentes de reactores nucleares.\t\t\t\t\t\t\t\t<\/div>\n\t\t<div class=\"has_ae_slider elementor-element elementor-element-e7f9b4a e-grid e-con-boxed ae-bg-gallery-type-default e-con e-child\" data-id=\"e7f9b4a\" data-element_type=\"container\">\n\t\t\t\t\t<div class=\"e-con-inner\">\n\t\t\t\t<div class=\"elementor-element elementor-element-423691d elementor-widget elementor-widget-image\" data-id=\"423691d\" data-element_type=\"widget\" data-widget_type=\"image.default\">\n\t\t\t\t\t\t\t\t\t\t\t\t\t\t\t<img fetchpriority=\"high\" decoding=\"async\" width=\"496\" height=\"742\" src=\"https:\/\/www.ghinox.com\/wp-content\/uploads\/\u622a\u5716-2024-06-17-12.57.05.png\" class=\"attachment-large size-large wp-image-7836\" alt=\"304 \u4e0d\u92b9\u92fc\" title=\"\">\t\t\t\t\t\t\t\t\t\t\t\t\t\t\t<\/div>\n\t\t\t\t<div class=\"elementor-element elementor-element-5f151c8 elementor-widget elementor-widget-image\" data-id=\"5f151c8\" data-element_type=\"widget\" data-widget_type=\"image.default\">\n\t\t\t\t\t\t\t\t\t\t\t\t\t\t\t<img decoding=\"async\" width=\"430\" height=\"300\" src=\"https:\/\/www.ghinox.com\/wp-content\/uploads\/\u622a\u5716-2024-06-17-12.57.10.png\" class=\"attachment-large size-large wp-image-7832\" alt=\"304 \u4e0d\u92b9\u92fc\" title=\"\">\t\t\t\t\t\t\t\t\t\t\t\t\t\t\t<\/div>\n\t\t\t\t<div class=\"elementor-element elementor-element-c34a32e elementor-widget elementor-widget-image\" data-id=\"c34a32e\" data-element_type=\"widget\" data-widget_type=\"image.default\">\n\t\t\t\t\t\t\t\t\t\t\t\t\t\t\t<img decoding=\"async\" width=\"450\" height=\"492\" src=\"https:\/\/www.ghinox.com\/wp-content\/uploads\/\u622a\u5716-2024-06-17-12.57.15.png\" class=\"attachment-large size-large wp-image-7828\" alt=\"304 \u4e0d\u92b9\u92fc\" title=\"\">\t\t\t\t\t\t\t\t\t\t\t\t\t\t\t<\/div>\n\t\t\t\t\t<\/div>\n\t\t\t\t<\/div>\n\t\t\t\t<div class=\"elementor-element elementor-element-6c9408c elementor-widget elementor-widget-text-editor\" data-id=\"6c9408c\" data-element_type=\"widget\" data-widget_type=\"text-editor.default\">\n\t\t\t\t\t\t\t\t\t<strong>En resumen, el acero inoxidable EN1.4307 se ha convertido en un material indispensable en la industria y la construcci\u00f3n moderna debido a su rendimiento superior y sus diversos campos de aplicaci\u00f3n. Ya sea en los campos de la fabricaci\u00f3n de instrumentos de precisi\u00f3n, el dise\u00f1o arquitect\u00f3nico o la industria qu\u00edmica, EN1.4307 desempe\u00f1a un papel clave y contin\u00faa promoviendo el avance de la tecnolog\u00eda y la innovaci\u00f3n.<\/strong>\t\t\t\t\t\t\t\t<\/div>\n\t\t\t\t<\/div>\n\t\t\t\t\t<\/div>\n\t\t\t\t<\/div>\n\t\t\t\t<\/div>\n\t\t","protected":false},"excerpt":{"rendered":"<p>Acero inoxidable EN1.4307 EN1.4307, una versi\u00f3n baja en carbono del acero inoxidable EN1.4301 tiene una amplia gama de aplicaciones y un rendimiento excelente. Est\u00e1 compuesto principalmente por un 18% de cromo (Cr) y un 8% de n\u00edquel (Ni) y reduce el contenido de carbono (C), lo que lo hace m\u00e1s adecuado para determinados escenarios de [&hellip;]<\/p>\n","protected":false},"author":1,"featured_media":0,"parent":2190,"menu_order":0,"comment_status":"closed","ping_status":"closed","template":"elementor_header_footer","meta":{"_acf_changed":false,"ocean_post_layout":"","ocean_both_sidebars_style":"","ocean_both_sidebars_content_width":0,"ocean_both_sidebars_sidebars_width":0,"ocean_sidebar":"0","ocean_second_sidebar":"0","ocean_disable_margins":"enable","ocean_add_body_class":"","ocean_shortcode_before_top_bar":"","ocean_shortcode_after_top_bar":"","ocean_shortcode_before_header":"","ocean_shortcode_after_header":"","ocean_has_shortcode":"","ocean_shortcode_after_title":"","ocean_shortcode_before_footer_widgets":"","ocean_shortcode_after_footer_widgets":"","ocean_shortcode_before_footer_bottom":"","ocean_shortcode_after_footer_bottom":"","ocean_display_top_bar":"default","ocean_display_header":"default","ocean_header_style":"","ocean_center_header_left_menu":"0","ocean_custom_header_template":"0","ocean_custom_logo":0,"ocean_custom_retina_logo":0,"ocean_custom_logo_max_width":0,"ocean_custom_logo_tablet_max_width":0,"ocean_custom_logo_mobile_max_width":0,"ocean_custom_logo_max_height":0,"ocean_custom_logo_tablet_max_height":0,"ocean_custom_logo_mobile_max_height":0,"ocean_header_custom_menu":"0","ocean_menu_typo_font_family":"0","ocean_menu_typo_font_subset":"","ocean_menu_typo_font_size":0,"ocean_menu_typo_font_size_tablet":0,"ocean_menu_typo_font_size_mobile":0,"ocean_menu_typo_font_size_unit":"px","ocean_menu_typo_font_weight":"","ocean_menu_typo_font_weight_tablet":"","ocean_menu_typo_font_weight_mobile":"","ocean_menu_typo_transform":"","ocean_menu_typo_transform_tablet":"","ocean_menu_typo_transform_mobile":"","ocean_menu_typo_line_height":0,"ocean_menu_typo_line_height_tablet":0,"ocean_menu_typo_line_height_mobile":0,"ocean_menu_typo_line_height_unit":"","ocean_menu_typo_spacing":0,"ocean_menu_typo_spacing_tablet":0,"ocean_menu_typo_spacing_mobile":0,"ocean_menu_typo_spacing_unit":"","ocean_menu_link_color":"","ocean_menu_link_color_hover":"","ocean_menu_link_color_active":"","ocean_menu_link_background":"","ocean_menu_link_hover_background":"","ocean_menu_link_active_background":"","ocean_menu_social_links_bg":"","ocean_menu_social_hover_links_bg":"","ocean_menu_social_links_color":"","ocean_menu_social_hover_links_color":"","ocean_disable_title":"default","ocean_disable_heading":"default","ocean_post_title":"","ocean_post_subheading":"","ocean_post_title_style":"","ocean_post_title_background_color":"","ocean_post_title_background":0,"ocean_post_title_bg_image_position":"","ocean_post_title_bg_image_attachment":"","ocean_post_title_bg_image_repeat":"","ocean_post_title_bg_image_size":"","ocean_post_title_height":0,"ocean_post_title_bg_overlay":0.5,"ocean_post_title_bg_overlay_color":"","ocean_disable_breadcrumbs":"default","ocean_breadcrumbs_color":"","ocean_breadcrumbs_separator_color":"","ocean_breadcrumbs_links_color":"","ocean_breadcrumbs_links_hover_color":"","ocean_display_footer_widgets":"default","ocean_display_footer_bottom":"default","ocean_custom_footer_template":"0","footnotes":""},"class_list":["post-8027","page","type-page","status-publish","hentry","entry"],"acf":[],"_links":{"self":[{"href":"https:\/\/www.ghinox.com\/es\/wp-json\/wp\/v2\/pages\/8027","targetHints":{"allow":["GET"]}}],"collection":[{"href":"https:\/\/www.ghinox.com\/es\/wp-json\/wp\/v2\/pages"}],"about":[{"href":"https:\/\/www.ghinox.com\/es\/wp-json\/wp\/v2\/types\/page"}],"author":[{"embeddable":true,"href":"https:\/\/www.ghinox.com\/es\/wp-json\/wp\/v2\/users\/1"}],"replies":[{"embeddable":true,"href":"https:\/\/www.ghinox.com\/es\/wp-json\/wp\/v2\/comments?post=8027"}],"version-history":[{"count":0,"href":"https:\/\/www.ghinox.com\/es\/wp-json\/wp\/v2\/pages\/8027\/revisions"}],"up":[{"embeddable":true,"href":"https:\/\/www.ghinox.com\/es\/wp-json\/wp\/v2\/pages\/2190"}],"wp:attachment":[{"href":"https:\/\/www.ghinox.com\/es\/wp-json\/wp\/v2\/media?parent=8027"}],"curies":[{"name":"wp","href":"https:\/\/api.w.org\/{rel}","templated":true}]}}