{"id":8059,"date":"2024-06-17T13:42:25","date_gmt":"2024-06-17T05:42:25","guid":{"rendered":"https:\/\/www.ghinox.com\/productos\/steel-grades\/sus316l\/"},"modified":"2026-03-09T13:25:31","modified_gmt":"2026-03-09T05:25:31","slug":"en1-44004","status":"publish","type":"page","link":"https:\/\/www.ghinox.com\/es\/productos\/steel-grades\/en1-44004\/","title":{"rendered":"EN1.44004"},"content":{"rendered":"\t\t<div data-elementor-type=\"wp-page\" data-elementor-id=\"8059\" class=\"elementor elementor-8059 elementor-7842\" data-elementor-post-type=\"page\">\n\t\t\t\t\t\t<section class=\"has_ae_slider elementor-section elementor-top-section elementor-element elementor-element-fa092bc elementor-section-full_width elementor-section-content-middle elementor-section-height-default elementor-section-height-default ae-bg-gallery-type-default\" data-id=\"fa092bc\" data-element_type=\"section\" data-settings=\"{&quot;background_background&quot;:&quot;classic&quot;}\">\n\t\t\t\t\t\t\t<div class=\"elementor-background-overlay\"><\/div>\n\t\t\t\t\t\t\t<div class=\"elementor-container elementor-column-gap-no\">\n\t\t\t\t\t<div class=\"has_ae_slider elementor-column elementor-col-100 elementor-top-column elementor-element elementor-element-da8429a ae-bg-gallery-type-default\" data-id=\"da8429a\" data-element_type=\"column\">\n\t\t\t<div class=\"elementor-widget-wrap elementor-element-populated\">\n\t\t\t\t\t\t<div class=\"elementor-element elementor-element-4ee552d elementor-widget elementor-widget-spacer\" data-id=\"4ee552d\" data-element_type=\"widget\" data-widget_type=\"spacer.default\">\n\t\t\t\t\t\t\t<div class=\"elementor-spacer\">\n\t\t\t<div class=\"elementor-spacer-inner\"><\/div>\n\t\t<\/div>\n\t\t\t\t\t\t<\/div>\n\t\t\t\t<div class=\"elementor-element elementor-element-da53081 elementor-widget elementor-widget-spacer\" data-id=\"da53081\" data-element_type=\"widget\" data-widget_type=\"spacer.default\">\n\t\t\t\t\t\t\t<div class=\"elementor-spacer\">\n\t\t\t<div class=\"elementor-spacer-inner\"><\/div>\n\t\t<\/div>\n\t\t\t\t\t\t<\/div>\n\t\t\t\t<div class=\"elementor-element elementor-element-4e07c81 elementor-widget elementor-widget-shortcode\" data-id=\"4e07c81\" data-element_type=\"widget\" data-widget_type=\"shortcode.default\">\n\t\t\t\t\t\t\t<div class=\"elementor-shortcode\"><span class=\"oceanwp-breadcrumb gh-bread\"><nav role=\"navigation\" aria-label=\"Migas de pan\" class=\"site-breadcrumbs clr position-\"><ol class=\"trail-items\" ><meta name=\"numberOfItems\" content=\"1\" \/><meta name=\"itemListOrder\" content=\"Ascending\" \/><li class=\"trail-item trail-end\" ><span itemprop=\"name\"><a href=\"https:\/\/www.ghinox.com\/es\/\" rel=\"home\" aria-label=\"Inicio\"><i class=\" icon-home\" aria-hidden=\"true\" role=\"img\"><\/i><span class=\"breadcrumb-home has-icon\">Inicio<\/span><\/a><\/span><meta itemprop=\"position\" content=\"1\" \/><\/li><\/ol><\/nav><\/span>\n<\/div>\n\t\t\t\t\t\t<\/div>\n\t\t\t\t<div class=\"elementor-element elementor-element-4e6eedb elementor-widget elementor-widget-spacer\" data-id=\"4e6eedb\" data-element_type=\"widget\" data-widget_type=\"spacer.default\">\n\t\t\t\t\t\t\t<div class=\"elementor-spacer\">\n\t\t\t<div class=\"elementor-spacer-inner\"><\/div>\n\t\t<\/div>\n\t\t\t\t\t\t<\/div>\n\t\t\t\t\t<\/div>\n\t\t<\/div>\n\t\t\t\t\t<\/div>\n\t\t<\/section>\n\t\t<div class=\"has_ae_slider elementor-element elementor-element-d6a0f6c e-flex e-con-boxed ae-bg-gallery-type-default e-con e-parent\" data-id=\"d6a0f6c\" data-element_type=\"container\">\n\t\t\t\t\t<div class=\"e-con-inner\">\n\t\t<div class=\"has_ae_slider elementor-element elementor-element-89bcaaa e-con-full e-flex ae-bg-gallery-type-default e-con e-child\" data-id=\"89bcaaa\" data-element_type=\"container\">\n\t\t\t\t<div class=\"elementor-element elementor-element-10fb157 elementor-widget elementor-widget-text-editor\" data-id=\"10fb157\" data-element_type=\"widget\" data-widget_type=\"text-editor.default\">\n\t\t\t\t\t\t\t\t\t<h2>Acero inoxidable EN1.4404<br>\n<\/h2>\n<p>EN1.4404 un acero inoxidable bajo en carbono perteneciente a la serie 300. Tiene una excelente resistencia a la corrosi\u00f3n y es especialmente adecuado para ambientes que contienen medios corrosivos como sal, \u00e1cido y \u00e1lcali. Su bajo contenido en carbono ayuda a reducir el riesgo de corrosi\u00f3n intergranular. , lo que lo convierte en un material de alto rendimiento ampliamente utilizado en campos qu\u00edmicos, m\u00e9dicos, de procesamiento de alimentos y otros.<\/p>\n<h2>Propiedades qu\u00edmicas EN1.4404<\/h2>\n<p>EN1.4404 tiene una composici\u00f3n qu\u00edmica equilibrada, que incluye principalmente molibdeno, n\u00edquel, cromo y otros elementos. La adici\u00f3n de molibdeno mejora su resistencia a la corrosi\u00f3n, el n\u00edquel mejora la resistencia a altas temperaturas y el cromo le confiere capacidades antioxidantes. La sinergia de estos elementos hace que SUS 316L estable en ambientes extremos.<\/p>\n<p><strong>Propiedades qu\u00edmicas del 1.4404 (%)<\/strong><\/p>\n<p>\n<table id=\"tablepress-7\" class=\"tablepress tablepress-id-7\">\n<thead>\n<tr class=\"row-1\">\n\t<th class=\"column-1\">ITEM<\/th><th class=\"column-2\">C<\/th><th class=\"column-3\">SI<\/th><th class=\"column-4\">MIN<\/th><th class=\"column-5\">P<\/th><th class=\"column-6\">S<\/th><th class=\"column-7\">CR<\/th><th class=\"column-8\">NI<\/th><th class=\"column-9\">MO<\/th><th class=\"column-10\">N<\/th><th class=\"column-11\">CU<\/th><th class=\"column-12\">OTHERS<\/th>\n<\/tr>\n<\/thead>\n<tbody class=\"row-striping row-hover\">\n<tr class=\"row-2\">\n\t<td class=\"column-1\">Min<\/td><td class=\"column-2\"> ===<\/td><td class=\"column-3\"> === <\/td><td class=\"column-4\"> ===<\/td><td class=\"column-5\"> ===<\/td><td class=\"column-6\"> === <\/td><td class=\"column-7\">16.00<\/td><td class=\"column-8\">10.00<\/td><td class=\"column-9\">2.00<\/td><td class=\"column-10\"> ===<\/td><td class=\"column-11\"> ===<\/td><td class=\"column-12\"> ===<\/td>\n<\/tr>\n<tr class=\"row-3\">\n\t<td class=\"column-1\">Max<\/td><td class=\"column-2\">0.08<\/td><td class=\"column-3\">0.75<\/td><td class=\"column-4\">2.00<\/td><td class=\"column-5\">0.45<\/td><td class=\"column-6\">0.030<\/td><td class=\"column-7\">18.00<\/td><td class=\"column-8\">14.00<\/td><td class=\"column-9\">3.00<\/td><td class=\"column-10\">0.100<\/td><td class=\"column-11\"> ===<\/td><td class=\"column-12\"> ===<\/td>\n<\/tr>\n<\/tbody>\n<\/table>\n<!-- #tablepress-7 from cache --><\/p>\n<h2>Propiedades mec\u00e1nicas de EN1.4404<\/h2>\n<p>SUS 316L tiene excelentes propiedades mec\u00e1nicas, incluida una excelente resistencia a la tracci\u00f3n, l\u00edmite el\u00e1stico y ductilidad, lo que le permite mantener propiedades mec\u00e1nicas estables bajo altas tensiones y temperaturas extremas, lo que lo hace adecuado para una variedad de aplicaciones de ingenier\u00eda y fabricaci\u00f3n.<\/p>\n<p><strong>Propiedades mec\u00e1nicas del EN1.4404<\/strong><br>\n\n<table id=\"tablepress-17\" class=\"tablepress tablepress-id-17\">\n<thead>\n<tr class=\"row-1\">\n\t<td class=\"column-1\"><\/td><td class=\"column-2\"><\/td><th class=\"column-3\">MIN<\/th><th class=\"column-4\">MAX<\/th>\n<\/tr>\n<\/thead>\n<tbody class=\"row-striping row-hover\">\n<tr class=\"row-2\">\n\t<td class=\"column-1\">Yield Strength (N\/mm2)<\/td><td class=\"column-2\">0.20% Y.S.<\/td><td class=\"column-3\">175<\/td><td class=\"column-4\">N\/mm2<\/td>\n<\/tr>\n<tr class=\"row-3\">\n\t<td class=\"column-1\"><\/td><td class=\"column-2\">1% Y.S.<\/td><td class=\"column-3\"> ===<\/td><td class=\"column-4\"><\/td>\n<\/tr>\n<tr class=\"row-4\">\n\t<td class=\"column-1\">Tensile Strength (N\/mm2)<\/td><td class=\"column-2\"><\/td><td class=\"column-3\">485<\/td><td class=\"column-4\">N\/mm2<\/td>\n<\/tr>\n<tr class=\"row-5\">\n\t<td class=\"column-1\">Elongation %<\/td><td class=\"column-2\"><\/td><td class=\"column-3\">40<\/td><td class=\"column-4\"> ===<\/td>\n<\/tr>\n<tr class=\"row-6\">\n\t<td class=\"column-1\">Hardness Test<\/td><td class=\"column-2\">HRB<\/td><td class=\"column-3\"> ===<\/td><td class=\"column-4\">90<\/td>\n<\/tr>\n<tr class=\"row-7\">\n\t<td class=\"column-1\"><\/td><td class=\"column-2\">HV<\/td><td class=\"column-3\"> ===<\/td><td class=\"column-4\">200<\/td>\n<\/tr>\n<\/tbody>\n<\/table>\n<!-- #tablepress-17 from cache --><\/p>\n<h2>Propiedades f\u00edsicas de EN1.4404<\/h2>\n<p>Las propiedades f\u00edsicas de EN1.44004 incluyen densidad, conductividad t\u00e9rmica y coeficiente de expansi\u00f3n t\u00e9rmica. Su densidad es alta y su conductividad t\u00e9rmica es excelente, lo que le permite igualar r\u00e1pidamente la temperatura en ambientes de alta temperatura. Adem\u00e1s, el bajo coeficiente de expansi\u00f3n t\u00e9rmica ayuda a reducir el estr\u00e9s. causado por cambios de temperatura y mejora su vida \u00fatil.<\/p>\n<h2>Resistencia a la corrosi\u00f3n EN1.4404<\/h2>\n<p>La excelente resistencia a la corrosi\u00f3n de EN1.4404 lo hace ideal para su uso en ambientes marinos y la industria qu\u00edmica. Puede resistir el ataque de medios corrosivos como \u00e1cidos, \u00e1lcalis y sales, y funciona bien en ambientes con alto contenido de cloro. Su propiedad resistente hace que SUS 316L se utilice ampliamente en la fabricaci\u00f3n de equipos qu\u00edmicos, estructuras de ingenier\u00eda marina, etc.<\/p>\n<h2>Aplicaci\u00f3n del producto EN1.4404<\/h2>\n<p>La versatilidad de EN1.4404 lo hace adecuado para una amplia gama de aplicaciones en diversos campos. En el campo m\u00e9dico, a menudo se usa para fabricar instrumentos quir\u00fargicos, articulaciones artificiales, etc.; en la industria qu\u00edmica, se usa como un material ideal. para tuber\u00edas, contenedores y equipos qu\u00edmicos; en la industria de procesamiento de alimentos, se utiliza para fabricar equipos de procesamiento de alimentos resistentes a la corrosi\u00f3n. Adem\u00e1s, EN1.4404 tambi\u00e9n desempe\u00f1a un papel importante en la construcci\u00f3n naval, la energ\u00eda, el autom\u00f3vil y otros campos.<\/p>\t\t\t\t\t\t\t\t<\/div>\n\t\t<div class=\"has_ae_slider elementor-element elementor-element-e7f9b4a e-grid e-con-boxed ae-bg-gallery-type-default e-con e-child\" data-id=\"e7f9b4a\" data-element_type=\"container\">\n\t\t\t\t\t<div class=\"e-con-inner\">\n\t\t\t\t<div class=\"elementor-element elementor-element-423691d elementor-widget elementor-widget-image\" data-id=\"423691d\" data-element_type=\"widget\" data-widget_type=\"image.default\">\n\t\t\t\t\t\t\t\t\t\t\t\t\t\t\t<img fetchpriority=\"high\" decoding=\"async\" width=\"440\" height=\"654\" src=\"https:\/\/www.ghinox.com\/wp-content\/uploads\/\u622a\u5716-2024-06-17-13.46.00.png\" class=\"attachment-large size-large wp-image-7855\" alt=\"316l \u4e0d\u93fd\u92fc\" title=\"\">\t\t\t\t\t\t\t\t\t\t\t\t\t\t\t<\/div>\n\t\t\t\t<div class=\"elementor-element elementor-element-5f151c8 elementor-widget elementor-widget-image\" data-id=\"5f151c8\" data-element_type=\"widget\" data-widget_type=\"image.default\">\n\t\t\t\t\t\t\t\t\t\t\t\t\t\t\t<img decoding=\"async\" width=\"396\" height=\"644\" src=\"https:\/\/www.ghinox.com\/wp-content\/uploads\/\u622a\u5716-2024-06-17-13.46.05.png\" class=\"attachment-large size-large wp-image-7851\" alt=\"316l \u4e0d\u93fd\u92fc\" title=\"\">\t\t\t\t\t\t\t\t\t\t\t\t\t\t\t<\/div>\n\t\t\t\t<div class=\"elementor-element elementor-element-c34a32e elementor-widget elementor-widget-image\" data-id=\"c34a32e\" data-element_type=\"widget\" data-widget_type=\"image.default\">\n\t\t\t\t\t\t\t\t\t\t\t\t\t\t\t<img decoding=\"async\" width=\"426\" height=\"646\" src=\"https:\/\/www.ghinox.com\/wp-content\/uploads\/\u622a\u5716-2024-06-17-13.46.10.png\" class=\"attachment-large size-large wp-image-7847\" alt=\"316l \u4e0d\u93fd\u92fc\" title=\"\">\t\t\t\t\t\t\t\t\t\t\t\t\t\t\t<\/div>\n\t\t\t\t\t<\/div>\n\t\t\t\t<\/div>\n\t\t\t\t<div class=\"elementor-element elementor-element-6c9408c elementor-widget elementor-widget-text-editor\" data-id=\"6c9408c\" data-element_type=\"widget\" data-widget_type=\"text-editor.default\">\n\t\t\t\t\t\t\t\t\t<p><strong>En resumen, el acero inoxidable EN1.4404 se ha convertido en el material elegido para muchas aplicaciones de alta gama debido a su excelente resistencia a la corrosi\u00f3n, estabilidad qu\u00edmica y propiedades mec\u00e1nicas superiores, lo que impulsa el desarrollo continuo de la industria moderna.<br \/><\/strong><\/p>\t\t\t\t\t\t\t\t<\/div>\n\t\t\t\t<\/div>\n\t\t\t\t\t<\/div>\n\t\t\t\t<\/div>\n\t\t\t\t<\/div>\n\t\t","protected":false},"excerpt":{"rendered":"<p>Acero inoxidable EN1.4404 EN1.4404 un acero inoxidable bajo en carbono perteneciente a la serie 300. Tiene una excelente resistencia a la corrosi\u00f3n y es especialmente adecuado para ambientes que contienen medios corrosivos como sal, \u00e1cido y \u00e1lcali. Su bajo contenido en carbono ayuda a reducir el riesgo de corrosi\u00f3n intergranular. , lo que lo convierte [&hellip;]<\/p>\n","protected":false},"author":1,"featured_media":0,"parent":2190,"menu_order":0,"comment_status":"closed","ping_status":"closed","template":"elementor_header_footer","meta":{"_acf_changed":false,"ocean_post_layout":"","ocean_both_sidebars_style":"","ocean_both_sidebars_content_width":0,"ocean_both_sidebars_sidebars_width":0,"ocean_sidebar":"0","ocean_second_sidebar":"0","ocean_disable_margins":"enable","ocean_add_body_class":"","ocean_shortcode_before_top_bar":"","ocean_shortcode_after_top_bar":"","ocean_shortcode_before_header":"","ocean_shortcode_after_header":"","ocean_has_shortcode":"","ocean_shortcode_after_title":"","ocean_shortcode_before_footer_widgets":"","ocean_shortcode_after_footer_widgets":"","ocean_shortcode_before_footer_bottom":"","ocean_shortcode_after_footer_bottom":"","ocean_display_top_bar":"default","ocean_display_header":"default","ocean_header_style":"","ocean_center_header_left_menu":"0","ocean_custom_header_template":"0","ocean_custom_logo":0,"ocean_custom_retina_logo":0,"ocean_custom_logo_max_width":0,"ocean_custom_logo_tablet_max_width":0,"ocean_custom_logo_mobile_max_width":0,"ocean_custom_logo_max_height":0,"ocean_custom_logo_tablet_max_height":0,"ocean_custom_logo_mobile_max_height":0,"ocean_header_custom_menu":"0","ocean_menu_typo_font_family":"0","ocean_menu_typo_font_subset":"","ocean_menu_typo_font_size":0,"ocean_menu_typo_font_size_tablet":0,"ocean_menu_typo_font_size_mobile":0,"ocean_menu_typo_font_size_unit":"px","ocean_menu_typo_font_weight":"","ocean_menu_typo_font_weight_tablet":"","ocean_menu_typo_font_weight_mobile":"","ocean_menu_typo_transform":"","ocean_menu_typo_transform_tablet":"","ocean_menu_typo_transform_mobile":"","ocean_menu_typo_line_height":0,"ocean_menu_typo_line_height_tablet":0,"ocean_menu_typo_line_height_mobile":0,"ocean_menu_typo_line_height_unit":"","ocean_menu_typo_spacing":0,"ocean_menu_typo_spacing_tablet":0,"ocean_menu_typo_spacing_mobile":0,"ocean_menu_typo_spacing_unit":"","ocean_menu_link_color":"","ocean_menu_link_color_hover":"","ocean_menu_link_color_active":"","ocean_menu_link_background":"","ocean_menu_link_hover_background":"","ocean_menu_link_active_background":"","ocean_menu_social_links_bg":"","ocean_menu_social_hover_links_bg":"","ocean_menu_social_links_color":"","ocean_menu_social_hover_links_color":"","ocean_disable_title":"default","ocean_disable_heading":"default","ocean_post_title":"","ocean_post_subheading":"","ocean_post_title_style":"","ocean_post_title_background_color":"","ocean_post_title_background":0,"ocean_post_title_bg_image_position":"","ocean_post_title_bg_image_attachment":"","ocean_post_title_bg_image_repeat":"","ocean_post_title_bg_image_size":"","ocean_post_title_height":0,"ocean_post_title_bg_overlay":0.5,"ocean_post_title_bg_overlay_color":"","ocean_disable_breadcrumbs":"default","ocean_breadcrumbs_color":"","ocean_breadcrumbs_separator_color":"","ocean_breadcrumbs_links_color":"","ocean_breadcrumbs_links_hover_color":"","ocean_display_footer_widgets":"default","ocean_display_footer_bottom":"default","ocean_custom_footer_template":"0","footnotes":""},"class_list":["post-8059","page","type-page","status-publish","hentry","entry"],"acf":[],"_links":{"self":[{"href":"https:\/\/www.ghinox.com\/es\/wp-json\/wp\/v2\/pages\/8059","targetHints":{"allow":["GET"]}}],"collection":[{"href":"https:\/\/www.ghinox.com\/es\/wp-json\/wp\/v2\/pages"}],"about":[{"href":"https:\/\/www.ghinox.com\/es\/wp-json\/wp\/v2\/types\/page"}],"author":[{"embeddable":true,"href":"https:\/\/www.ghinox.com\/es\/wp-json\/wp\/v2\/users\/1"}],"replies":[{"embeddable":true,"href":"https:\/\/www.ghinox.com\/es\/wp-json\/wp\/v2\/comments?post=8059"}],"version-history":[{"count":0,"href":"https:\/\/www.ghinox.com\/es\/wp-json\/wp\/v2\/pages\/8059\/revisions"}],"up":[{"embeddable":true,"href":"https:\/\/www.ghinox.com\/es\/wp-json\/wp\/v2\/pages\/2190"}],"wp:attachment":[{"href":"https:\/\/www.ghinox.com\/es\/wp-json\/wp\/v2\/media?parent=8059"}],"curies":[{"name":"wp","href":"https:\/\/api.w.org\/{rel}","templated":true}]}}