{"id":8133,"date":"2024-06-17T14:10:53","date_gmt":"2024-06-17T06:10:53","guid":{"rendered":"https:\/\/www.ghinox.com\/productos\/steel-grades\/sus430\/"},"modified":"2026-03-09T13:56:05","modified_gmt":"2026-03-09T05:56:05","slug":"en1-4016","status":"publish","type":"page","link":"https:\/\/www.ghinox.com\/es\/productos\/steel-grades\/en1-4016\/","title":{"rendered":"EN1.4016"},"content":{"rendered":"\t\t<div data-elementor-type=\"wp-page\" data-elementor-id=\"8133\" class=\"elementor elementor-8133 elementor-7873\" data-elementor-post-type=\"page\">\n\t\t\t\t\t\t<section class=\"has_ae_slider elementor-section elementor-top-section elementor-element elementor-element-fa092bc elementor-section-full_width elementor-section-content-middle elementor-section-height-default elementor-section-height-default ae-bg-gallery-type-default\" data-id=\"fa092bc\" data-element_type=\"section\" data-settings=\"{&quot;background_background&quot;:&quot;classic&quot;}\">\n\t\t\t\t\t\t\t<div class=\"elementor-background-overlay\"><\/div>\n\t\t\t\t\t\t\t<div class=\"elementor-container elementor-column-gap-no\">\n\t\t\t\t\t<div class=\"has_ae_slider elementor-column elementor-col-100 elementor-top-column elementor-element elementor-element-da8429a ae-bg-gallery-type-default\" data-id=\"da8429a\" data-element_type=\"column\">\n\t\t\t<div class=\"elementor-widget-wrap elementor-element-populated\">\n\t\t\t\t\t\t<div class=\"elementor-element elementor-element-4ee552d elementor-widget elementor-widget-spacer\" data-id=\"4ee552d\" data-element_type=\"widget\" data-widget_type=\"spacer.default\">\n\t\t\t\t\t\t\t<div class=\"elementor-spacer\">\n\t\t\t<div class=\"elementor-spacer-inner\"><\/div>\n\t\t<\/div>\n\t\t\t\t\t\t<\/div>\n\t\t\t\t<div class=\"elementor-element elementor-element-da53081 elementor-widget elementor-widget-spacer\" data-id=\"da53081\" data-element_type=\"widget\" data-widget_type=\"spacer.default\">\n\t\t\t\t\t\t\t<div class=\"elementor-spacer\">\n\t\t\t<div class=\"elementor-spacer-inner\"><\/div>\n\t\t<\/div>\n\t\t\t\t\t\t<\/div>\n\t\t\t\t<div class=\"elementor-element elementor-element-4e07c81 elementor-widget elementor-widget-shortcode\" data-id=\"4e07c81\" data-element_type=\"widget\" data-widget_type=\"shortcode.default\">\n\t\t\t\t\t\t\t<div class=\"elementor-shortcode\"><span class=\"oceanwp-breadcrumb gh-bread\"><nav role=\"navigation\" aria-label=\"Migas de pan\" class=\"site-breadcrumbs clr position-\"><ol class=\"trail-items\" ><meta name=\"numberOfItems\" content=\"1\" \/><meta name=\"itemListOrder\" content=\"Ascending\" \/><li class=\"trail-item trail-end\" ><span itemprop=\"name\"><a href=\"https:\/\/www.ghinox.com\/es\/\" rel=\"home\" aria-label=\"Inicio\"><i class=\" icon-home\" aria-hidden=\"true\" role=\"img\"><\/i><span class=\"breadcrumb-home has-icon\">Inicio<\/span><\/a><\/span><meta itemprop=\"position\" content=\"1\" \/><\/li><\/ol><\/nav><\/span>\n<\/div>\n\t\t\t\t\t\t<\/div>\n\t\t\t\t<div class=\"elementor-element elementor-element-4e6eedb elementor-widget elementor-widget-spacer\" data-id=\"4e6eedb\" data-element_type=\"widget\" data-widget_type=\"spacer.default\">\n\t\t\t\t\t\t\t<div class=\"elementor-spacer\">\n\t\t\t<div class=\"elementor-spacer-inner\"><\/div>\n\t\t<\/div>\n\t\t\t\t\t\t<\/div>\n\t\t\t\t\t<\/div>\n\t\t<\/div>\n\t\t\t\t\t<\/div>\n\t\t<\/section>\n\t\t<div class=\"has_ae_slider elementor-element elementor-element-d6a0f6c e-flex e-con-boxed ae-bg-gallery-type-default e-con e-parent\" data-id=\"d6a0f6c\" data-element_type=\"container\">\n\t\t\t\t\t<div class=\"e-con-inner\">\n\t\t<div class=\"has_ae_slider elementor-element elementor-element-89bcaaa e-con-full e-flex ae-bg-gallery-type-default e-con e-child\" data-id=\"89bcaaa\" data-element_type=\"container\">\n\t\t\t\t<div class=\"elementor-element elementor-element-10fb157 elementor-widget elementor-widget-text-editor\" data-id=\"10fb157\" data-element_type=\"widget\" data-widget_type=\"text-editor.default\">\n\t\t\t\t\t\t\t\t\t<h2>Acero inoxidable EN1.4016\n<\/h2>\nEN1.4016 es un acero inoxidable relativamente bajo en cobre, n\u00edquel y otros elementos de aleaci\u00f3n. Es una aleaci\u00f3n de hierro y cromo. Su caracter\u00edstica principal es su composici\u00f3n qu\u00edmica simple, en la que el contenido de cromo es de aproximadamente 16-18%. El acero de baja aleaci\u00f3n tiene una excelente resistencia a la corrosi\u00f3n y es particularmente adecuado para su uso en entornos poco corrosivos.\n\n<h2>EN1.4016 Propiedades qu\u00edmicas<\/h2>\nLos principales componentes qu\u00edmicos del EN1.4016 incluyen cromo, hierro, carbono, n\u00edquel y cobre. La adici\u00f3n de cromo le confiere propiedades antioxidantes y forma una pel\u00edcula protectora de \u00f3xido. El bajo contenido de carbono lo hace estable a altas temperaturas. Adem\u00e1s, EN1.4016 no contiene n\u00edquel, lo que lo hace relativamente econ\u00f3mico en t\u00e9rminos de precio.\n\n<strong>1.4016 Composici\u00f3n qu\u00edmica (%)<\/strong>\n\n<table id=\"tablepress-9\" class=\"tablepress tablepress-id-9\">\n<thead>\n<tr class=\"row-1\">\n\t<th class=\"column-1\">ITEM<\/th><th class=\"column-2\">C<\/th><th class=\"column-3\">SI<\/th><th class=\"column-4\">MIN<\/th><th class=\"column-5\">P<\/th><th class=\"column-6\">S<\/th><th class=\"column-7\">CR<\/th><th class=\"column-8\">NI<\/th><th class=\"column-9\">MO<\/th><th class=\"column-10\">N<\/th><th class=\"column-11\">CU<\/th><th class=\"column-12\">OTHERS<\/th>\n<\/tr>\n<\/thead>\n<tbody class=\"row-striping row-hover\">\n<tr class=\"row-2\">\n\t<td class=\"column-1\">Min<\/td><td class=\"column-2\"> ===<\/td><td class=\"column-3\"> === <\/td><td class=\"column-4\"> ===<\/td><td class=\"column-5\"> ===<\/td><td class=\"column-6\"> === <\/td><td class=\"column-7\">16.00<\/td><td class=\"column-8\"> ===<\/td><td class=\"column-9\"> ===<\/td><td class=\"column-10\"> ===<\/td><td class=\"column-11\"> ===<\/td><td class=\"column-12\"> ===<\/td>\n<\/tr>\n<tr class=\"row-3\">\n\t<td class=\"column-1\">Max<\/td><td class=\"column-2\">0.120<\/td><td class=\"column-3\">0.75<\/td><td class=\"column-4\">1.00<\/td><td class=\"column-5\">0.40<\/td><td class=\"column-6\">0.030<\/td><td class=\"column-7\">18.00<\/td><td class=\"column-8\">0.60<\/td><td class=\"column-9\"> ===<\/td><td class=\"column-10\"> ===<\/td><td class=\"column-11\"> ===<\/td><td class=\"column-12\"> ===<\/td>\n<\/tr>\n<\/tbody>\n<\/table>\n\n<h2>Propiedades mecanicas EN1.4016<\/h2>\nEN1.4016 El tiene propiedades mec\u00e1nicas moderadas que incluyen resistencia a la tracci\u00f3n, l\u00edmite el\u00e1stico y ductilidad.zas de autom\u00f3viles y m\u00e1s.\n\n<strong>EN1.4016 propiedades mecanicas<\/strong>\n\n\n<table id=\"tablepress-19\" class=\"tablepress tablepress-id-19\">\n<thead>\n<tr class=\"row-1\">\n\t<td class=\"column-1\"><\/td><td class=\"column-2\"><\/td><th class=\"column-3\">MIN<\/th><th class=\"column-4\">MAX<\/th>\n<\/tr>\n<\/thead>\n<tbody class=\"row-striping row-hover\">\n<tr class=\"row-2\">\n\t<td class=\"column-1\">Yield Strength (N\/mm2)<\/td><td class=\"column-2\">0.20% Y.S.<\/td><td class=\"column-3\">205<\/td><td class=\"column-4\">N\/mm2<\/td>\n<\/tr>\n<tr class=\"row-3\">\n\t<td class=\"column-1\"><\/td><td class=\"column-2\">1% Y.S.<\/td><td class=\"column-3\"> ===<\/td><td class=\"column-4\"><\/td>\n<\/tr>\n<tr class=\"row-4\">\n\t<td class=\"column-1\">Tensile Strength (N\/mm2)<\/td><td class=\"column-2\"><\/td><td class=\"column-3\">420<\/td><td class=\"column-4\">N\/mm2<\/td>\n<\/tr>\n<tr class=\"row-5\">\n\t<td class=\"column-1\">Elongation %<\/td><td class=\"column-2\"><\/td><td class=\"column-3\">22<\/td><td class=\"column-4\"> ===<\/td>\n<\/tr>\n<tr class=\"row-6\">\n\t<td class=\"column-1\">Hardness Test<\/td><td class=\"column-2\">HRB<\/td><td class=\"column-3\"> ===<\/td><td class=\"column-4\">88<\/td>\n<\/tr>\n<tr class=\"row-7\">\n\t<td class=\"column-1\"><\/td><td class=\"column-2\">HV<\/td><td class=\"column-3\"> ===<\/td><td class=\"column-4\">200<\/td>\n<\/tr>\n<\/tbody>\n<\/table>\n\n<h2>EN1.4016 propiedades f\u00edsicas<\/h2>\nLas propiedades f\u00edsicas de EN1.4016 incluyen densidad, conductividad t\u00e9rmica y coeficiente de expansi\u00f3n t\u00e9rmica. Debido a que no contiene n\u00edquel, tiene una densidad m\u00e1s baja, lo que puede ser una ventaja en algunas aplicaciones. Las propiedades superiores de conductividad t\u00e9rmica le permiten funcionar mejor en condiciones de alta temperatura. ambientes de temperatura, mientras que un coeficiente de expansi\u00f3n t\u00e9rmica m\u00e1s bajo ayuda a reducir el estr\u00e9s causado por los cambios de temperatura.\n\n<h2>Resistencia a la corrosi\u00f3n EN1.4016<\/h2>\nAunque EN1.4016 tiene menor resistencia a la corrosi\u00f3n que otros aceros inoxidables, todav\u00eda funciona bien en ambientes poco corrosivos. Particularmente en ambientes relativamente secos y libres de cloruro, EN1.4016 proporciona una resistencia a la corrosi\u00f3n aceptable. Sin embargo, en ambientes con alto contenido de cloruro, otros materiales de acero inoxidable puede ser necesario considerarlo.\n\n\n<h2>Aplicaci\u00f3n del producto EN1.4016<\/h2>\nEN1.4016 se usa ampliamente en diversos campos debido a su precio relativamente econ\u00f3mico y rendimiento moderado. En la industria de la construcci\u00f3n, a menudo se usa en decoraci\u00f3n de interiores, electrodom\u00e9sticos de cocina, etc. En la industria automotriz,EN1.4016 se puede usar como material de fabricaci\u00f3n. para algunas piezas de autom\u00f3viles. Adem\u00e1s, EN1.4016 tambi\u00e9n se utiliza ampliamente en la fabricaci\u00f3n de electrodom\u00e9sticos, procesamiento de alimentos y otras industrias.\t\t\t\t\t\t\t\t<\/div>\n\t\t<div class=\"has_ae_slider elementor-element elementor-element-e7f9b4a e-grid e-con-boxed ae-bg-gallery-type-default e-con e-child\" data-id=\"e7f9b4a\" data-element_type=\"container\">\n\t\t\t\t\t<div class=\"e-con-inner\">\n\t\t\t\t<div class=\"elementor-element elementor-element-423691d elementor-widget elementor-widget-image\" data-id=\"423691d\" data-element_type=\"widget\" data-widget_type=\"image.default\">\n\t\t\t\t\t\t\t\t\t\t\t\t\t\t\t<img fetchpriority=\"high\" decoding=\"async\" width=\"390\" height=\"584\" src=\"https:\/\/www.ghinox.com\/wp-content\/uploads\/\u622a\u5716-2024-06-17-14.14.51.png\" class=\"attachment-large size-large wp-image-7886\" alt=\"sus430\" title=\"\">\t\t\t\t\t\t\t\t\t\t\t\t\t\t\t<\/div>\n\t\t\t\t<div class=\"elementor-element elementor-element-5f151c8 elementor-widget elementor-widget-image\" data-id=\"5f151c8\" data-element_type=\"widget\" data-widget_type=\"image.default\">\n\t\t\t\t\t\t\t\t\t\t\t\t\t\t\t<img decoding=\"async\" width=\"392\" height=\"600\" src=\"https:\/\/www.ghinox.com\/wp-content\/uploads\/\u622a\u5716-2024-06-17-14.14.59.png\" class=\"attachment-large size-large wp-image-7882\" alt=\"sus430\" title=\"\">\t\t\t\t\t\t\t\t\t\t\t\t\t\t\t<\/div>\n\t\t\t\t<div class=\"elementor-element elementor-element-c34a32e elementor-widget elementor-widget-image\" data-id=\"c34a32e\" data-element_type=\"widget\" data-widget_type=\"image.default\">\n\t\t\t\t\t\t\t\t\t\t\t\t\t\t\t<img decoding=\"async\" width=\"280\" height=\"594\" src=\"https:\/\/www.ghinox.com\/wp-content\/uploads\/\u622a\u5716-2024-06-17-14.15.07.png\" class=\"attachment-large size-large wp-image-7878\" alt=\"sus430\" title=\"\">\t\t\t\t\t\t\t\t\t\t\t\t\t\t\t<\/div>\n\t\t\t\t\t<\/div>\n\t\t\t\t<\/div>\n\t\t\t\t<div class=\"elementor-element elementor-element-6c9408c elementor-widget elementor-widget-text-editor\" data-id=\"6c9408c\" data-element_type=\"widget\" data-widget_type=\"text-editor.default\">\n\t\t\t\t\t\t\t\t\t<p><strong>En general, el acero inoxidable EN 1.4016 es una opci\u00f3n ideal en muchas industrias debido a su rentabilidad y rendimiento moderado. Su rendimiento estable en entornos poco corrosivos le otorga ventajas \u00fanicas en determinadas aplicaciones.<\/strong><\/p>\t\t\t\t\t\t\t\t<\/div>\n\t\t\t\t<\/div>\n\t\t\t\t\t<\/div>\n\t\t\t\t<\/div>\n\t\t\t\t<\/div>\n\t\t","protected":false},"excerpt":{"rendered":"<p>Acero inoxidable EN1.4016 EN1.4016 es un acero inoxidable relativamente bajo en cobre, n\u00edquel y otros elementos de aleaci\u00f3n. Es una aleaci\u00f3n de hierro y cromo. Su caracter\u00edstica principal es su composici\u00f3n qu\u00edmica simple, en la que el contenido de cromo es de aproximadamente 16-18%. El acero de baja aleaci\u00f3n tiene una excelente resistencia a la [&hellip;]<\/p>\n","protected":false},"author":1,"featured_media":0,"parent":2190,"menu_order":0,"comment_status":"closed","ping_status":"closed","template":"elementor_header_footer","meta":{"_acf_changed":false,"ocean_post_layout":"","ocean_both_sidebars_style":"","ocean_both_sidebars_content_width":0,"ocean_both_sidebars_sidebars_width":0,"ocean_sidebar":"0","ocean_second_sidebar":"0","ocean_disable_margins":"enable","ocean_add_body_class":"","ocean_shortcode_before_top_bar":"","ocean_shortcode_after_top_bar":"","ocean_shortcode_before_header":"","ocean_shortcode_after_header":"","ocean_has_shortcode":"","ocean_shortcode_after_title":"","ocean_shortcode_before_footer_widgets":"","ocean_shortcode_after_footer_widgets":"","ocean_shortcode_before_footer_bottom":"","ocean_shortcode_after_footer_bottom":"","ocean_display_top_bar":"default","ocean_display_header":"default","ocean_header_style":"","ocean_center_header_left_menu":"0","ocean_custom_header_template":"0","ocean_custom_logo":0,"ocean_custom_retina_logo":0,"ocean_custom_logo_max_width":0,"ocean_custom_logo_tablet_max_width":0,"ocean_custom_logo_mobile_max_width":0,"ocean_custom_logo_max_height":0,"ocean_custom_logo_tablet_max_height":0,"ocean_custom_logo_mobile_max_height":0,"ocean_header_custom_menu":"0","ocean_menu_typo_font_family":"0","ocean_menu_typo_font_subset":"","ocean_menu_typo_font_size":0,"ocean_menu_typo_font_size_tablet":0,"ocean_menu_typo_font_size_mobile":0,"ocean_menu_typo_font_size_unit":"px","ocean_menu_typo_font_weight":"","ocean_menu_typo_font_weight_tablet":"","ocean_menu_typo_font_weight_mobile":"","ocean_menu_typo_transform":"","ocean_menu_typo_transform_tablet":"","ocean_menu_typo_transform_mobile":"","ocean_menu_typo_line_height":0,"ocean_menu_typo_line_height_tablet":0,"ocean_menu_typo_line_height_mobile":0,"ocean_menu_typo_line_height_unit":"","ocean_menu_typo_spacing":0,"ocean_menu_typo_spacing_tablet":0,"ocean_menu_typo_spacing_mobile":0,"ocean_menu_typo_spacing_unit":"","ocean_menu_link_color":"","ocean_menu_link_color_hover":"","ocean_menu_link_color_active":"","ocean_menu_link_background":"","ocean_menu_link_hover_background":"","ocean_menu_link_active_background":"","ocean_menu_social_links_bg":"","ocean_menu_social_hover_links_bg":"","ocean_menu_social_links_color":"","ocean_menu_social_hover_links_color":"","ocean_disable_title":"default","ocean_disable_heading":"default","ocean_post_title":"","ocean_post_subheading":"","ocean_post_title_style":"","ocean_post_title_background_color":"","ocean_post_title_background":0,"ocean_post_title_bg_image_position":"","ocean_post_title_bg_image_attachment":"","ocean_post_title_bg_image_repeat":"","ocean_post_title_bg_image_size":"","ocean_post_title_height":0,"ocean_post_title_bg_overlay":0.5,"ocean_post_title_bg_overlay_color":"","ocean_disable_breadcrumbs":"default","ocean_breadcrumbs_color":"","ocean_breadcrumbs_separator_color":"","ocean_breadcrumbs_links_color":"","ocean_breadcrumbs_links_hover_color":"","ocean_display_footer_widgets":"default","ocean_display_footer_bottom":"default","ocean_custom_footer_template":"0","footnotes":""},"class_list":["post-8133","page","type-page","status-publish","hentry","entry"],"acf":[],"_links":{"self":[{"href":"https:\/\/www.ghinox.com\/es\/wp-json\/wp\/v2\/pages\/8133","targetHints":{"allow":["GET"]}}],"collection":[{"href":"https:\/\/www.ghinox.com\/es\/wp-json\/wp\/v2\/pages"}],"about":[{"href":"https:\/\/www.ghinox.com\/es\/wp-json\/wp\/v2\/types\/page"}],"author":[{"embeddable":true,"href":"https:\/\/www.ghinox.com\/es\/wp-json\/wp\/v2\/users\/1"}],"replies":[{"embeddable":true,"href":"https:\/\/www.ghinox.com\/es\/wp-json\/wp\/v2\/comments?post=8133"}],"version-history":[{"count":0,"href":"https:\/\/www.ghinox.com\/es\/wp-json\/wp\/v2\/pages\/8133\/revisions"}],"up":[{"embeddable":true,"href":"https:\/\/www.ghinox.com\/es\/wp-json\/wp\/v2\/pages\/2190"}],"wp:attachment":[{"href":"https:\/\/www.ghinox.com\/es\/wp-json\/wp\/v2\/media?parent=8133"}],"curies":[{"name":"wp","href":"https:\/\/api.w.org\/{rel}","templated":true}]}}